{"id":2948,"date":"2025-03-25T21:52:21","date_gmt":"2025-03-25T21:52:21","guid":{"rendered":"https:\/\/learn.perma.earth\/?post_type=product&#038;p=2948"},"modified":"2025-11-03T10:44:23","modified_gmt":"2025-11-03T10:44:23","slug":"network-weaving-practices-and-processes-for-international-permaculture-colab-members","status":"publish","type":"product","link":"https:\/\/minimumviable.academy\/it\/prodotto\/network-weaving-practices-and-processes-for-international-permaculture-colab-members\/","title":{"rendered":"Pratiche e processi di tessitura della rete per i membri del CoLab internazionale di Permacultura"},"content":{"rendered":"<div id=\"meta-origin\" data-coolorigin=\"https%3A%2F%2Fcollabora.collective.tools%2Fcool%2Fclipboard%3FWOPISrc%3Dhttps%253A%252F%252Fcloud.perma.earth%252Findex.php%252Fapps%252Frichdocuments%252Fwopi%252Ffiles%252F726807_ocrwh2195e7x%26ServerId%3D38679fca%26ViewId%3D9%26Tag%3D694f1f3b4153c8dc\">\n<div id=\"meta-origin\" data-coolorigin=\"https%3A%2F%2Fcollabora.collective.tools%2Fcool%2Fclipboard%3FWOPISrc%3Dhttps%253A%252F%252Fcloud.perma.earth%252Findex.php%252Fapps%252Frichdocuments%252Fwopi%252Ffiles%252F726807_ocrwh2195e7x%26ServerId%3D38679fca%26ViewId%3D9%26Tag%3D694f1f3b4153c8dc\">\n<p align=\"left\"><b>Mer 15 ottobre 16:00 - 17:30 CET<\/b><\/p>\n<\/div>\n<p>Come crescono e si sostengono le reti fiorenti? Quali pratiche aiutano a costruire la fiducia, a promuovere la collaborazione e a creare connessioni durature?<\/p>\n<p>Unitevi a noi per una sessione interattiva in cui esperti <strong>tessitori di rete<\/strong> condivideranno le loro intuizioni, i loro approcci e le lezioni apprese nel tessere comunit\u00e0 forti e resilienti. Questa \u00e8 la vostra opportunit\u00e0 di <strong>fare domande, esplorare idee e incuriosirsi<\/strong> su tutto ci\u00f2 che riguarda la tessitura di rete: come funziona, perch\u00e9 \u00e8 importante e come possiamo applicare queste pratiche all'interno della rete. <strong>CoLab<\/strong>.<\/p>\n<p>Sia che siate alle prime armi con la tessitura di reti o che vogliate approfondire la vostra conoscenza, questa sessione \u00e8 uno spazio per imparare, scambiare idee ed esplorare come rafforzare insieme il CoLab.<\/p>\n<p>Venite con la vostra curiosit\u00e0 e tuffiamoci nell'arte di tessere reti!<\/p>\n<div class=\"et_pb_module et_pb_wc_description et_pb_wc_description_0 et_pb_bg_layout_light et_pb_text_align_left\">\n<div class=\"et_pb_module_inner\">\n<p>Questo webinar \u00e8 finanziato dal <a href=\"https:\/\/minimumviable.academy\/it\/project\/next-steps-project\/\">Progetto Next Steps<\/a> attraverso il <a href=\"https:\/\/minimumviable.academy\/it\/\">Laboratorio Internazionale di Permacultura<\/a>.<\/p>\n<\/div>\n<\/div>\n<\/div>","protected":false},"excerpt":{"rendered":"<p>Sia che siate alle prime armi con la tessitura di reti o che vogliate approfondire la vostra conoscenza, questa sessione \u00e8 uno spazio per imparare, scambiare idee ed esplorare come rafforzare insieme il CoLab.<\/p>","protected":false},"featured_media":2959,"comment_status":"open","ping_status":"closed","template":"","meta":{"_acf_changed":false,"_bbp_topic_count":0,"_bbp_reply_count":0,"_bbp_total_topic_count":0,"_bbp_total_reply_count":0,"_bbp_voice_count":0,"_bbp_anonymous_reply_count":0,"_bbp_topic_count_hidden":0,"_bbp_reply_count_hidden":0,"_bbp_forum_subforum_count":0,"_et_pb_use_builder":"","_et_pb_old_content":"","_et_gb_content_width":""},"product_brand":[],"product_cat":[158],"product_tag":[],"class_list":{"0":"post-2948","1":"product","2":"type-product","3":"status-publish","4":"has-post-thumbnail","6":"product_cat-online-session","8":"first","9":"instock","10":"downloadable","11":"virtual","12":"taxable","13":"purchasable","14":"product-type-simple"},"acf":[],"_links":{"self":[{"href":"https:\/\/minimumviable.academy\/it\/wp-json\/wp\/v2\/product\/2948","targetHints":{"allow":["GET"]}}],"collection":[{"href":"https:\/\/minimumviable.academy\/it\/wp-json\/wp\/v2\/product"}],"about":[{"href":"https:\/\/minimumviable.academy\/it\/wp-json\/wp\/v2\/types\/product"}],"replies":[{"embeddable":true,"href":"https:\/\/minimumviable.academy\/it\/wp-json\/wp\/v2\/comments?post=2948"}],"wp:featuredmedia":[{"embeddable":true,"href":"https:\/\/minimumviable.academy\/it\/wp-json\/wp\/v2\/media\/2959"}],"wp:attachment":[{"href":"https:\/\/minimumviable.academy\/it\/wp-json\/wp\/v2\/media?parent=2948"}],"wp:term":[{"taxonomy":"product_brand","embeddable":true,"href":"https:\/\/minimumviable.academy\/it\/wp-json\/wp\/v2\/product_brand?post=2948"},{"taxonomy":"product_cat","embeddable":true,"href":"https:\/\/minimumviable.academy\/it\/wp-json\/wp\/v2\/product_cat?post=2948"},{"taxonomy":"product_tag","embeddable":true,"href":"https:\/\/minimumviable.academy\/it\/wp-json\/wp\/v2\/product_tag?post=2948"}],"curies":[{"name":"wp","href":"https:\/\/api.w.org\/{rel}","templated":true}]}}