{"id":2947,"date":"2025-03-25T21:49:28","date_gmt":"2025-03-25T21:49:28","guid":{"rendered":"https:\/\/learn.perma.earth\/?post_type=product&#038;p=2947"},"modified":"2025-07-01T15:20:10","modified_gmt":"2025-07-01T14:20:10","slug":"how-to-be-a-community-member-of-a-thriving-resilient-online-space","status":"publish","type":"product","link":"https:\/\/minimumviable.academy\/it\/prodotto\/how-to-be-a-community-member-of-a-thriving-resilient-online-space\/","title":{"rendered":"Come essere un membro della comunit\u00e0 di uno spazio online fiorente e resiliente"},"content":{"rendered":"<div id=\"meta-origin\" data-coolorigin=\"https%3A%2F%2Fcollabora.collective.tools%2Fcool%2Fclipboard%3FWOPISrc%3Dhttps%253A%252F%252Fcloud.perma.earth%252Findex.php%252Fapps%252Frichdocuments%252Fwopi%252Ffiles%252F726807_ocrwh2195e7x%26ServerId%3D38679fca%26ViewId%3D9%26Tag%3D16fbee5940f5a39e\">\n<div id=\"meta-origin\" data-coolorigin=\"https%3A%2F%2Fcollabora.collective.tools%2Fcool%2Fclipboard%3FWOPISrc%3Dhttps%253A%252F%252Fcloud.perma.earth%252Findex.php%252Fapps%252Frichdocuments%252Fwopi%252Ffiles%252F726807_ocrwh2195e7x%26ServerId%3D38679fca%26ViewId%3D9%26Tag%3D6bd2cfca74d87888\">\n<p align=\"left\"><b>15 luglio - 16:00 - 17:30 CET<\/b><\/p>\n<\/div>\n<p>Le comunit\u00e0 online presentano limiti e opportunit\u00e0: possono essere ci\u00f2 che voi ne fate. Diventare un membro impegnato inizia con la comprensione della missione, della visione e delle modalit\u00e0 di lavoro della comunit\u00e0. Si tratta di imparare, attraverso l'esperienza, a navigare nello spazio, a usare gli strumenti di collaborazione in modo efficace e a stabilire connessioni significative.<\/p>\n<p>In questo workshop esplorativo, ci immergeremo in ci\u00f2 che significa in termini pratici essere parte di una comunit\u00e0 online prospera e resiliente. Attraverso l'impegno nella <strong>CoLab<\/strong>Il programma di CoLab vi consentir\u00e0 di capire come funzionano gli spazi online, di sviluppare competenze per la collaborazione a distanza e di scoprire come contribuire ricevendo sostegno. Questi insegnamenti non si applicheranno solo al CoLab, ma vi aiuteranno a impegnarvi pi\u00f9 efficacemente in altre reti e comunit\u00e0 allineate. Pi\u00f9 si rafforza questo muscolo, pi\u00f9 diventa facile adattarsi e prosperare negli spazi online.<\/p>\n<p>Unitevi a noi per esplorare come CoLab pu\u00f2 aiutarvi nel vostro pensiero critico, nel processo decisionale e nell'azione collettiva!<\/p>\n<div class=\"et_pb_module et_pb_wc_description et_pb_wc_description_0 et_pb_bg_layout_light et_pb_text_align_left\">\n<div class=\"et_pb_module_inner\">\n<p>Questo workshop \u00e8 finanziato dal <a href=\"https:\/\/minimumviable.academy\/it\/project\/next-steps-project\/\">Progetto Next Steps<\/a> attraverso il <a href=\"https:\/\/minimumviable.academy\/it\/\">Laboratorio Internazionale di Permacultura<\/a>.<\/p>\n<\/div>\n<\/div>\n<\/div>","protected":false},"excerpt":{"rendered":"<p>Le comunit\u00e0 online presentano limiti e opportunit\u00e0: possono essere ci\u00f2 che voi ne fate. Diventare un membro impegnato inizia con la comprensione della missione, della visione e delle modalit\u00e0 di lavoro della comunit\u00e0. Si tratta di imparare, attraverso l'esperienza, a navigare nello spazio, a usare gli strumenti di collaborazione in modo efficace e a stabilire connessioni significative.<\/p>","protected":false},"featured_media":2955,"comment_status":"open","ping_status":"closed","template":"","meta":{"_acf_changed":false,"_bbp_topic_count":0,"_bbp_reply_count":0,"_bbp_total_topic_count":0,"_bbp_total_reply_count":0,"_bbp_voice_count":0,"_bbp_anonymous_reply_count":0,"_bbp_topic_count_hidden":0,"_bbp_reply_count_hidden":0,"_bbp_forum_subforum_count":0,"_et_pb_use_builder":"","_et_pb_old_content":"","_et_gb_content_width":""},"product_brand":[],"product_cat":[158],"product_tag":[],"class_list":{"0":"post-2947","1":"product","2":"type-product","3":"status-publish","4":"has-post-thumbnail","6":"product_cat-online-session","8":"first","9":"instock","10":"downloadable","11":"virtual","12":"taxable","13":"purchasable","14":"product-type-simple"},"acf":[],"_links":{"self":[{"href":"https:\/\/minimumviable.academy\/it\/wp-json\/wp\/v2\/product\/2947","targetHints":{"allow":["GET"]}}],"collection":[{"href":"https:\/\/minimumviable.academy\/it\/wp-json\/wp\/v2\/product"}],"about":[{"href":"https:\/\/minimumviable.academy\/it\/wp-json\/wp\/v2\/types\/product"}],"replies":[{"embeddable":true,"href":"https:\/\/minimumviable.academy\/it\/wp-json\/wp\/v2\/comments?post=2947"}],"wp:featuredmedia":[{"embeddable":true,"href":"https:\/\/minimumviable.academy\/it\/wp-json\/wp\/v2\/media\/2955"}],"wp:attachment":[{"href":"https:\/\/minimumviable.academy\/it\/wp-json\/wp\/v2\/media?parent=2947"}],"wp:term":[{"taxonomy":"product_brand","embeddable":true,"href":"https:\/\/minimumviable.academy\/it\/wp-json\/wp\/v2\/product_brand?post=2947"},{"taxonomy":"product_cat","embeddable":true,"href":"https:\/\/minimumviable.academy\/it\/wp-json\/wp\/v2\/product_cat?post=2947"},{"taxonomy":"product_tag","embeddable":true,"href":"https:\/\/minimumviable.academy\/it\/wp-json\/wp\/v2\/product_tag?post=2947"}],"curies":[{"name":"wp","href":"https:\/\/api.w.org\/{rel}","templated":true}]}}