{"id":35,"date":"2022-05-27T15:03:13","date_gmt":"2022-05-27T14:03:13","guid":{"rendered":"https:\/\/learn.perma.earth\/?page_id=35"},"modified":"2023-09-06T09:54:09","modified_gmt":"2023-09-06T08:54:09","slug":"about","status":"publish","type":"page","link":"https:\/\/minimumviable.academy\/it\/about\/","title":{"rendered":"Circa"},"content":{"rendered":"<h2 class=\"wp-block-heading\">Dichiarazione di missione<\/h2>\n\n\n\n<p>La nostra visione \u00e8 quella di creare una piattaforma online che offra ai partecipanti l'opportunit\u00e0 di condividere apertamente e accedere a una vasta gamma di conoscenze. Il nostro obiettivo \u00e8 quello di offrire ai partecipanti una certa flessibilit\u00e0 nel modo in cui trasmettere queste conoscenze. <\/p>\n\n\n\n<p>La nostra missione \u00e8 rendere questa piattaforma accessibile a tutti, indipendentemente dal loro status economico e dalle loro capacit\u00e0. Inoltre, vogliamo creare una piattaforma che costruisca un futuro pi\u00f9 etico, che superi i limiti e che sia finanziariamente sostenibile.<\/p>\n\n\n\n<p><\/p>\n\n\n\n<p><\/p>\n\n\n\n<p><br><\/p>\n\n\n\n<h3 class=\"wp-block-heading\">La squadra<\/h3>\n\n\n\n<div class=\"wp-block-columns is-layout-flex wp-container-core-columns-is-layout-9d6595d7 wp-block-columns-is-layout-flex\">\n<div class=\"wp-block-column is-layout-flow wp-block-column-is-layout-flow\" style=\"flex-basis:33.33%\">\n<figure class=\"wp-block-image size-large has-custom-border\"><img loading=\"lazy\" decoding=\"async\" width=\"1024\" height=\"1024\" src=\"https:\/\/minimumviable.academy\/wp-content\/uploads\/2023\/08\/headshot-1024x1024.jpg\" alt=\"\" class=\"wp-image-1606\" style=\"border-radius:100px\" srcset=\"https:\/\/minimumviable.academy\/wp-content\/uploads\/2023\/08\/headshot-1024x1024.jpg 1024w, https:\/\/minimumviable.academy\/wp-content\/uploads\/2023\/08\/headshot-980x980.jpg 980w, https:\/\/minimumviable.academy\/wp-content\/uploads\/2023\/08\/headshot-480x480.jpg 480w\" sizes=\"(min-width: 0px) and (max-width: 480px) 480px, (min-width: 481px) and (max-width: 980px) 980px, (min-width: 981px) 1024px, 100vw\" \/><\/figure>\n<\/div>\n\n\n\n<div class=\"wp-block-column is-layout-flow wp-block-column-is-layout-flow\" style=\"flex-basis:66.66%\">\n<p><strong>Charlie Wilson  <\/strong><\/p>\n\n\n\n<p>Copywriter, editor e correttore di contenuti online. Responsabile della comunicazione per il Centro Internazionale di Permacultura.&nbsp;<\/p>\n\n\n\n<p>Charlie studia Yoga e Tantra come percorso di vita e lavora come coach relazionale.<\/p>\n<\/div>\n<\/div>\n\n\n\n<div class=\"wp-block-columns is-layout-flex wp-container-core-columns-is-layout-9d6595d7 wp-block-columns-is-layout-flex\">\n<div class=\"wp-block-column is-layout-flow wp-block-column-is-layout-flow\" style=\"flex-basis:66.66%\">\n<p><strong><a href=\"https:\/\/www.linkedin.com\/in\/ACoAAAYaRjoBUe0W4q2ZYGNMUBBeITnq8rtxFXw\">Aimee Fenech<\/a> <\/strong><\/p>\n\n\n\n<p>Cofondatore di Eco Hacker Farm e del Funding Circle, membro del Digital Circle e Project Manager dell'International Permaculture CoLab.<\/p>\n\n\n\n<p>Facilitatore di processi di gruppo, insegnante e studente di permacultura. Oltre un decennio di esperienza di lavoro con gruppi a distanza e di persona.<\/p>\n<\/div>\n\n\n\n<div class=\"wp-block-column is-layout-flow wp-block-column-is-layout-flow\" style=\"flex-basis:33.33%\">\n<figure class=\"wp-block-image size-full has-custom-border\"><img loading=\"lazy\" decoding=\"async\" width=\"1000\" height=\"1024\" src=\"https:\/\/minimumviable.academy\/wp-content\/uploads\/2022\/08\/aimeemalta2018rs.jpeg\" alt=\"\" class=\"wp-image-155\" style=\"border-radius:100px\" srcset=\"https:\/\/minimumviable.academy\/wp-content\/uploads\/2022\/08\/aimeemalta2018rs.jpeg 1000w, https:\/\/minimumviable.academy\/wp-content\/uploads\/2022\/08\/aimeemalta2018rs-600x614.jpeg 600w, https:\/\/minimumviable.academy\/wp-content\/uploads\/2022\/08\/aimeemalta2018rs-293x300.jpeg 293w, https:\/\/minimumviable.academy\/wp-content\/uploads\/2022\/08\/aimeemalta2018rs-768x786.jpeg 768w, https:\/\/minimumviable.academy\/wp-content\/uploads\/2022\/08\/aimeemalta2018rs-12x12.jpeg 12w\" sizes=\"(max-width: 1000px) 100vw, 1000px\" \/><\/figure>\n<\/div>\n<\/div>\n\n\n\n<div class=\"wp-block-columns is-layout-flex wp-container-core-columns-is-layout-9d6595d7 wp-block-columns-is-layout-flex\">\n<div class=\"wp-block-column is-layout-flow wp-block-column-is-layout-flow\" style=\"flex-basis:33.33%\">\n<figure class=\"wp-block-image size-large is-style-default\"><img loading=\"lazy\" decoding=\"async\" width=\"984\" height=\"1024\" src=\"https:\/\/minimumviable.academy\/wp-content\/uploads\/2023\/09\/daniel-2-984x1024.jpg\" alt=\"\" class=\"wp-image-1661\" srcset=\"https:\/\/minimumviable.academy\/wp-content\/uploads\/2023\/09\/daniel-2-984x1024.jpg 984w, https:\/\/minimumviable.academy\/wp-content\/uploads\/2023\/09\/daniel-2-980x1020.jpg 980w, https:\/\/minimumviable.academy\/wp-content\/uploads\/2023\/09\/daniel-2-480x500.jpg 480w\" sizes=\"(min-width: 0px) and (max-width: 480px) 480px, (min-width: 481px) and (max-width: 980px) 980px, (min-width: 981px) 984px, 100vw\" \/><\/figure>\n<\/div>\n\n\n\n<div class=\"wp-block-column is-layout-flow wp-block-column-is-layout-flow\" style=\"flex-basis:66.66%\">\n<p><strong>Daniel Attwell<\/strong><\/p>\n\n\n\n<p>Un nuovo membro del team Learn che ha creato corsi online e lavora in altri progetti all'interno della rete Permaculture CoLab. <br><br>Daniel ama la botanica, la mountain bike, il bikepacking e recentemente \u00e8 diventato un lichenologo.<\/p>\n<\/div>\n<\/div>","protected":false},"excerpt":{"rendered":"<p>Mission Statement Our vision is to create an online platform that offers participants the opportunity to openly share and access a breadth of knowledge. We aim to give participants flexibility in the way that they deliver this knowledge. Our mission is to make this platform accessible to all, regardless of their economic status and abilities. [&hellip;]<\/p>\n","protected":false},"author":33,"featured_media":0,"parent":0,"menu_order":0,"comment_status":"closed","ping_status":"closed","template":"","meta":{"_acf_changed":false,"_bbp_topic_count":0,"_bbp_reply_count":0,"_bbp_total_topic_count":0,"_bbp_total_reply_count":0,"_bbp_voice_count":0,"_bbp_anonymous_reply_count":0,"_bbp_topic_count_hidden":0,"_bbp_reply_count_hidden":0,"_bbp_forum_subforum_count":0,"_et_pb_use_builder":"off","_et_pb_old_content":"<!-- wp:heading -->\n<h2 class=\"wp-block-heading\">Mission Statement<\/h2>\n<!-- \/wp:heading -->\n\n<!-- wp:paragraph -->\n<p>Our vision is to create an online platform that offers participants the opportunity to openly share and access a breadth of knowledge. We aim to give participants flexibility in the way that they deliver this knowledge. <\/p>\n<!-- \/wp:paragraph -->\n\n<!-- wp:paragraph -->\n<p>Our mission is to make this platform accessible to all, regardless of their economic status and abilities. Further, we aim to create a platform that is building a more ethical future, pushing limitations, and that is financially sustainable.<\/p>\n<!-- \/wp:paragraph -->\n\n<!-- wp:paragraph -->\n<p><\/p>\n<!-- \/wp:paragraph -->\n\n<!-- wp:paragraph -->\n<p><\/p>\n<!-- \/wp:paragraph -->\n\n<!-- wp:paragraph -->\n<p><br><\/p>\n<!-- \/wp:paragraph -->\n\n<!-- wp:heading {\"level\":3} -->\n<h3 class=\"wp-block-heading\">The Team<\/h3>\n<!-- \/wp:heading -->\n\n<!-- wp:columns -->\n<div class=\"wp-block-columns\"><!-- wp:column {\"width\":\"33.33%\"} -->\n<div class=\"wp-block-column\" style=\"flex-basis:33.33%\"><!-- wp:image {\"id\":1606,\"sizeSlug\":\"large\",\"linkDestination\":\"none\",\"style\":{\"border\":{\"radius\":\"100px\"}}} -->\n<figure class=\"wp-block-image size-large has-custom-border\"><img src=\"https:\/\/minimumviable.academy\/wp-content\/uploads\/2023\/08\/headshot-1024x1024.jpg\" alt=\"\" class=\"wp-image-1606\" style=\"border-radius:100px\"\/><\/figure>\n<!-- \/wp:image --><\/div>\n<!-- \/wp:column -->\n\n<!-- wp:column {\"width\":\"66.66%\"} -->\n<div class=\"wp-block-column\" style=\"flex-basis:66.66%\"><!-- wp:paragraph -->\n<p><strong>Charlie Wilson  <\/strong><\/p>\n<!-- \/wp:paragraph -->\n\n<!-- wp:paragraph -->\n<p>Copywriter, editor, and proofreader of online content. Communications Officer for the International Permaculture Colab.&nbsp;<\/p>\n<!-- \/wp:paragraph -->\n\n<!-- wp:paragraph -->\n<p>Charlie studies Yoga and Tantra as a life path and works as a relationship coach.<\/p>\n<!-- \/wp:paragraph --><\/div>\n<!-- \/wp:column --><\/div>\n<!-- \/wp:columns -->\n\n<!-- wp:columns -->\n<div class=\"wp-block-columns\"><!-- wp:column {\"width\":\"66.66%\"} -->\n<div class=\"wp-block-column\" style=\"flex-basis:66.66%\"><!-- wp:paragraph -->\n<p><strong><a href=\"https:\/\/www.linkedin.com\/in\/ACoAAAYaRjoBUe0W4q2ZYGNMUBBeITnq8rtxFXw\">Aimee Fenech<\/a> <\/strong><\/p>\n<!-- \/wp:paragraph -->\n\n<!-- wp:paragraph -->\n<p>Co-founder of Eco Hacker Farm &amp; the Funding Circle, member of the Digital Circle, and Project Manager of the International Permaculture CoLab.<\/p>\n<!-- \/wp:paragraph -->\n\n<!-- wp:paragraph -->\n<p>Group process facilitator, permaculture teacher &amp; student. Over a decade of experience working with groups remotely and in person.<\/p>\n<!-- \/wp:paragraph --><\/div>\n<!-- \/wp:column -->\n\n<!-- wp:column {\"width\":\"33.33%\"} -->\n<div class=\"wp-block-column\" style=\"flex-basis:33.33%\"><!-- wp:image {\"id\":155,\"sizeSlug\":\"full\",\"linkDestination\":\"none\",\"style\":{\"border\":{\"radius\":\"100px\"}}} -->\n<figure class=\"wp-block-image size-full has-custom-border\"><img src=\"https:\/\/minimumviable.academy\/wp-content\/uploads\/2022\/08\/aimeemalta2018rs.jpeg\" alt=\"\" class=\"wp-image-155\" style=\"border-radius:100px\"\/><\/figure>\n<!-- \/wp:image --><\/div>\n<!-- \/wp:column --><\/div>\n<!-- \/wp:columns -->","_et_gb_content_width":"","footnotes":""},"class_list":["post-35","page","type-page","status-publish","hentry"],"acf":[],"amp_enabled":true,"_links":{"self":[{"href":"https:\/\/minimumviable.academy\/it\/wp-json\/wp\/v2\/pages\/35","targetHints":{"allow":["GET"]}}],"collection":[{"href":"https:\/\/minimumviable.academy\/it\/wp-json\/wp\/v2\/pages"}],"about":[{"href":"https:\/\/minimumviable.academy\/it\/wp-json\/wp\/v2\/types\/page"}],"author":[{"embeddable":true,"href":"https:\/\/minimumviable.academy\/it\/wp-json\/wp\/v2\/users\/33"}],"replies":[{"embeddable":true,"href":"https:\/\/minimumviable.academy\/it\/wp-json\/wp\/v2\/comments?post=35"}],"version-history":[{"count":15,"href":"https:\/\/minimumviable.academy\/it\/wp-json\/wp\/v2\/pages\/35\/revisions"}],"predecessor-version":[{"id":1662,"href":"https:\/\/minimumviable.academy\/it\/wp-json\/wp\/v2\/pages\/35\/revisions\/1662"}],"wp:attachment":[{"href":"https:\/\/minimumviable.academy\/it\/wp-json\/wp\/v2\/media?parent=35"}],"curies":[{"name":"wp","href":"https:\/\/api.w.org\/{rel}","templated":true}]}}