{"id":877,"date":"2022-12-28T19:16:27","date_gmt":"2022-12-28T19:16:27","guid":{"rendered":"https:\/\/learn.perma.earth\/?post_type=product&#038;p=877"},"modified":"2024-12-12T17:29:50","modified_gmt":"2024-12-12T17:29:50","slug":"permaculture-journal-template","status":"publish","type":"product","link":"https:\/\/minimumviable.academy\/fr\/produit\/permaculture-journal-template\/","title":{"rendered":"Mod\u00e8le de journal de permaculture"},"content":{"rendered":"<p class=\"_04xlpA direction-ltr align-start para-style-body\"><span class=\"S1PPyQ\">Toutes les conceptions de permaculture, quel que soit le cadre de conception utilis\u00e9, commencent in\u00e9vitablement par l'observation.<\/span><\/p>\n<p class=\"_04xlpA direction-ltr align-start para-style-body\"><span class=\"S1PPyQ\">La tenue d'un journal cibl\u00e9 sur une p\u00e9riode donn\u00e9e est un outil utile pour recueillir des observations sur soi-m\u00eame, sur un environnement ou sur une communaut\u00e9. Si vous concevez un projet pour un client, vous pouvez lui demander de tenir \u00e9galement un journal afin de diversifier les perspectives.<\/span><\/p>","protected":false},"excerpt":{"rendered":"<p>Un mod\u00e8le imprimable de journal de permaculture<\/p>","protected":false},"featured_media":878,"comment_status":"open","ping_status":"closed","template":"","meta":{"_acf_changed":false,"_bbp_topic_count":0,"_bbp_reply_count":0,"_bbp_total_topic_count":0,"_bbp_total_reply_count":0,"_bbp_voice_count":0,"_bbp_anonymous_reply_count":0,"_bbp_topic_count_hidden":0,"_bbp_reply_count_hidden":0,"_bbp_forum_subforum_count":0,"_et_pb_use_builder":"","_et_pb_old_content":"","_et_gb_content_width":""},"product_brand":[],"product_cat":[58,57],"product_tag":[56,55,54],"class_list":{"0":"post-877","1":"product","2":"type-product","3":"status-publish","4":"has-post-thumbnail","6":"product_cat-permaculture-tools","7":"product_cat-printable-resources","8":"product_tag-journaling","9":"product_tag-permaculture","10":"product_tag-printable-resource","12":"first","13":"instock","14":"downloadable","15":"virtual","16":"taxable","17":"purchasable","18":"product-type-simple"},"acf":[],"_links":{"self":[{"href":"https:\/\/minimumviable.academy\/fr\/wp-json\/wp\/v2\/product\/877","targetHints":{"allow":["GET"]}}],"collection":[{"href":"https:\/\/minimumviable.academy\/fr\/wp-json\/wp\/v2\/product"}],"about":[{"href":"https:\/\/minimumviable.academy\/fr\/wp-json\/wp\/v2\/types\/product"}],"replies":[{"embeddable":true,"href":"https:\/\/minimumviable.academy\/fr\/wp-json\/wp\/v2\/comments?post=877"}],"wp:featuredmedia":[{"embeddable":true,"href":"https:\/\/minimumviable.academy\/fr\/wp-json\/wp\/v2\/media\/878"}],"wp:attachment":[{"href":"https:\/\/minimumviable.academy\/fr\/wp-json\/wp\/v2\/media?parent=877"}],"wp:term":[{"taxonomy":"product_brand","embeddable":true,"href":"https:\/\/minimumviable.academy\/fr\/wp-json\/wp\/v2\/product_brand?post=877"},{"taxonomy":"product_cat","embeddable":true,"href":"https:\/\/minimumviable.academy\/fr\/wp-json\/wp\/v2\/product_cat?post=877"},{"taxonomy":"product_tag","embeddable":true,"href":"https:\/\/minimumviable.academy\/fr\/wp-json\/wp\/v2\/product_tag?post=877"}],"curies":[{"name":"wp","href":"https:\/\/api.w.org\/{rel}","templated":true}]}}