{"id":3358,"date":"2026-04-04T15:04:57","date_gmt":"2026-04-04T14:04:57","guid":{"rendered":"https:\/\/minimumviable.academy\/?post_type=product&#038;p=3358"},"modified":"2026-04-12T13:48:27","modified_gmt":"2026-04-12T12:48:27","slug":"introduction-to-permaculture-10-hour-course-october","status":"publish","type":"product","link":"https:\/\/minimumviable.academy\/fr\/produit\/introduction-to-permaculture-10-hour-course-october\/","title":{"rendered":"Introduction to Permaculture &#8211; 10 hour course (October)"},"content":{"rendered":"<p>La permaculture est plus qu'un simple jardinage - elle offre une fa\u00e7on d'\u00eatre, de penser, d'entrer en relation et de concevoir qui favorise\u00a0<strong>la collaboration, la co-cr\u00e9ation et l'interconnexion<\/strong>\u00a0\u00e0 travers divers domaines et perspectives. Ce cours interactif de 3 sessions de deux heures pr\u00e9sente\u00a0<strong>l'\u00e9thique et les principes de la permaculture, la pens\u00e9e syst\u00e9mique et un cadre de conception pratique<\/strong>, Les participants recevront les outils n\u00e9cessaires pour s'engager dans des processus de conception significatifs qui b\u00e9n\u00e9ficieront \u00e0 leurs \u00e9cosyst\u00e8mes. Chaque session explorera diff\u00e9rents aspects fondamentaux de la permaculture afin de vous donner un langage commun pour collaborer et communiquer avec d'autres praticiens de la permaculture au sein du mouvement de la permaculture. Ce cours vous permettra de poursuivre vers le Certificat de Design en Permaculture si vous souhaitez approfondir vos \u00e9tudes. Ce cours est certifi\u00e9 par le <a href=\"https:\/\/perma.earth\/\">International Permaculture CoLab<\/a> par le biais d'un processus d'\u00e9valuation par les pairs.<\/p>","protected":false},"excerpt":{"rendered":"<p>La permaculture est plus qu'un simple jardinage. Elle offre une fa\u00e7on d'\u00eatre, de penser et de concevoir qui favorise la collaboration, la cocr\u00e9ation et l'interconnexion dans diff\u00e9rents domaines. <strong>trois sessions de deux heures<\/strong> et 4 heures de travaux d'\u00e9l\u00e8ves, introduisant le <strong>\u00e9thique, principes, pens\u00e9e syst\u00e9mique<\/strong> et un <strong>cadre de conception pratique<\/strong> de la permaculture. Vous acquerrez des outils pour participer \u00e0 des processus de conception significatifs qui profitent \u00e0 la fois aux personnes et aux \u00e9cosyst\u00e8mes.<\/p>\n<p>Ce cours permet d'acqu\u00e9rir un langage commun pour travailler ensemble dans le cadre de projets du mouvement de la permaculture et vous pr\u00e9pare \u00e0 poursuivre vos \u00e9tudes en vue de l'obtention d'un dipl\u00f4me en permaculture. <strong>Certificat de design en permaculture<\/strong> si vous souhaitez approfondir vos \u00e9tudes.<\/p>","protected":false},"featured_media":3359,"comment_status":"open","ping_status":"closed","template":"","meta":{"_acf_changed":false,"_bbp_topic_count":0,"_bbp_reply_count":0,"_bbp_total_topic_count":0,"_bbp_total_reply_count":0,"_bbp_voice_count":0,"_bbp_anonymous_reply_count":0,"_bbp_topic_count_hidden":0,"_bbp_reply_count_hidden":0,"_bbp_forum_subforum_count":0,"_et_pb_use_builder":"off","_et_pb_old_content":"Permaculture is more than just gardening \u2013 it offers a way of being, thinking, relating and designing that fosters\u00a0<strong>collaboration, co-creation, and interconnection<\/strong>\u00a0across diverse domains and perspectives. This interactive 3 two-hour sessions course introduces\u00a0<strong>permaculture ethics, principles, systems thinking and a practical design framework<\/strong>, equipping participants with the tools to engage in meaningful design processes that benefit their ecosystems.\r\n\r\nEach session will explore different fundamental aspects of permaculture to give you a shared language to collaborate and communicate with other permaculture practitioners within the permaculture movement.\r\n\r\nFrom this course you will be able to continue on to the Permaculture Design Certificate if you want to deepen your studies. This course is co-produced and peer-reviewed by Certified Permaculture Diploma holders.\r\n\r\nThis course is certified by the\u00a0<a href=\"https:\/\/perma.earth\/\">International Permaculture CoLab<\/a> through a peer review process.","_et_gb_content_width":""},"product_brand":[],"product_cat":[158,214],"product_tag":[],"class_list":{"0":"post-3358","1":"product","2":"type-product","3":"status-publish","4":"has-post-thumbnail","6":"product_cat-online-session","7":"product_cat-permaculture-training","9":"first","10":"instock","11":"downloadable","12":"virtual","13":"taxable","14":"purchasable","15":"product-type-simple"},"acf":[],"_links":{"self":[{"href":"https:\/\/minimumviable.academy\/fr\/wp-json\/wp\/v2\/product\/3358","targetHints":{"allow":["GET"]}}],"collection":[{"href":"https:\/\/minimumviable.academy\/fr\/wp-json\/wp\/v2\/product"}],"about":[{"href":"https:\/\/minimumviable.academy\/fr\/wp-json\/wp\/v2\/types\/product"}],"replies":[{"embeddable":true,"href":"https:\/\/minimumviable.academy\/fr\/wp-json\/wp\/v2\/comments?post=3358"}],"wp:featuredmedia":[{"embeddable":true,"href":"https:\/\/minimumviable.academy\/fr\/wp-json\/wp\/v2\/media\/3359"}],"wp:attachment":[{"href":"https:\/\/minimumviable.academy\/fr\/wp-json\/wp\/v2\/media?parent=3358"}],"wp:term":[{"taxonomy":"product_brand","embeddable":true,"href":"https:\/\/minimumviable.academy\/fr\/wp-json\/wp\/v2\/product_brand?post=3358"},{"taxonomy":"product_cat","embeddable":true,"href":"https:\/\/minimumviable.academy\/fr\/wp-json\/wp\/v2\/product_cat?post=3358"},{"taxonomy":"product_tag","embeddable":true,"href":"https:\/\/minimumviable.academy\/fr\/wp-json\/wp\/v2\/product_tag?post=3358"}],"curies":[{"name":"wp","href":"https:\/\/api.w.org\/{rel}","templated":true}]}}