{"id":2948,"date":"2025-03-25T21:52:21","date_gmt":"2025-03-25T21:52:21","guid":{"rendered":"https:\/\/learn.perma.earth\/?post_type=product&#038;p=2948"},"modified":"2025-11-03T10:44:23","modified_gmt":"2025-11-03T10:44:23","slug":"network-weaving-practices-and-processes-for-international-permaculture-colab-members","status":"publish","type":"product","link":"https:\/\/minimumviable.academy\/fr\/produit\/network-weaving-practices-and-processes-for-international-permaculture-colab-members\/","title":{"rendered":"Pratiques et processus de tissage de r\u00e9seaux pour les membres de l'International Permaculture CoLab"},"content":{"rendered":"<div id=\"meta-origin\" data-coolorigin=\"https%3A%2F%2Fcollabora.collective.tools%2Fcool%2Fclipboard%3FWOPISrc%3Dhttps%253A%252F%252Fcloud.perma.earth%252Findex.php%252Fapps%252Frichdocuments%252Fwopi%252Ffiles%252F726807_ocrwh2195e7x%26ServerId%3D38679fca%26ViewId%3D9%26Tag%3D694f1f3b4153c8dc\">\n<div id=\"meta-origin\" data-coolorigin=\"https%3A%2F%2Fcollabora.collective.tools%2Fcool%2Fclipboard%3FWOPISrc%3Dhttps%253A%252F%252Fcloud.perma.earth%252Findex.php%252Fapps%252Frichdocuments%252Fwopi%252Ffiles%252F726807_ocrwh2195e7x%26ServerId%3D38679fca%26ViewId%3D9%26Tag%3D694f1f3b4153c8dc\">\n<p align=\"left\"><b>Mercredi 15 octobre 16:00 - 17:30 CET<\/b><\/p>\n<\/div>\n<p>Comment les r\u00e9seaux prosp\u00e8res se d\u00e9veloppent-ils et se maintiennent-ils ? Quelles sont les pratiques qui permettent d'instaurer la confiance, de favoriser la collaboration et de cr\u00e9er des liens durables ?<\/p>\n<p>Rejoignez-nous pour une session interactive au cours de laquelle des <strong>les tisseurs de r\u00e9seaux<\/strong> partageront leurs id\u00e9es, leurs approches et les le\u00e7ons qu'ils ont tir\u00e9es du tissage de communaut\u00e9s fortes et r\u00e9silientes. C'est l'occasion pour vous de <strong>poser des questions, explorer des id\u00e9es et faire preuve de curiosit\u00e9<\/strong> sur tout ce qui concerne le tissage en r\u00e9seau - comment cela fonctionne, pourquoi c'est important et comment nous pouvons appliquer ces pratiques au sein de l'Union europ\u00e9enne. <strong>CoLab<\/strong>.<\/p>\n<p>Que vous soyez novice en mati\u00e8re de tissage de r\u00e9seaux ou que vous cherchiez \u00e0 approfondir vos connaissances, cette session est un espace d'apprentissage, d'\u00e9change d'id\u00e9es et d'exploration de la mani\u00e8re dont nous pouvons renforcer CoLab ensemble.<\/p>\n<p>Venez avec votre curiosit\u00e9 et plongeons dans l'art de tisser des r\u00e9seaux !<\/p>\n<div class=\"et_pb_module et_pb_wc_description et_pb_wc_description_0 et_pb_bg_layout_light et_pb_text_align_left\">\n<div class=\"et_pb_module_inner\">\n<p>Ce webinaire est financ\u00e9 par le programme <a href=\"https:\/\/minimumviable.academy\/fr\/project\/next-steps-project\/\">Projet Next Steps<\/a> par le biais de la <a href=\"https:\/\/minimumviable.academy\/fr\/\">International Permaculture CoLab<\/a>.<\/p>\n<\/div>\n<\/div>\n<\/div>","protected":false},"excerpt":{"rendered":"<p>Que vous soyez novice en mati\u00e8re de tissage de r\u00e9seaux ou que vous cherchiez \u00e0 approfondir vos connaissances, cette session est un espace d'apprentissage, d'\u00e9change d'id\u00e9es et d'exploration de la mani\u00e8re dont nous pouvons renforcer CoLab ensemble.<\/p>","protected":false},"featured_media":2959,"comment_status":"open","ping_status":"closed","template":"","meta":{"_acf_changed":false,"_bbp_topic_count":0,"_bbp_reply_count":0,"_bbp_total_topic_count":0,"_bbp_total_reply_count":0,"_bbp_voice_count":0,"_bbp_anonymous_reply_count":0,"_bbp_topic_count_hidden":0,"_bbp_reply_count_hidden":0,"_bbp_forum_subforum_count":0,"_et_pb_use_builder":"","_et_pb_old_content":"","_et_gb_content_width":""},"product_brand":[],"product_cat":[158],"product_tag":[],"class_list":{"0":"post-2948","1":"product","2":"type-product","3":"status-publish","4":"has-post-thumbnail","6":"product_cat-online-session","8":"first","9":"instock","10":"downloadable","11":"virtual","12":"taxable","13":"purchasable","14":"product-type-simple"},"acf":[],"_links":{"self":[{"href":"https:\/\/minimumviable.academy\/fr\/wp-json\/wp\/v2\/product\/2948","targetHints":{"allow":["GET"]}}],"collection":[{"href":"https:\/\/minimumviable.academy\/fr\/wp-json\/wp\/v2\/product"}],"about":[{"href":"https:\/\/minimumviable.academy\/fr\/wp-json\/wp\/v2\/types\/product"}],"replies":[{"embeddable":true,"href":"https:\/\/minimumviable.academy\/fr\/wp-json\/wp\/v2\/comments?post=2948"}],"wp:featuredmedia":[{"embeddable":true,"href":"https:\/\/minimumviable.academy\/fr\/wp-json\/wp\/v2\/media\/2959"}],"wp:attachment":[{"href":"https:\/\/minimumviable.academy\/fr\/wp-json\/wp\/v2\/media?parent=2948"}],"wp:term":[{"taxonomy":"product_brand","embeddable":true,"href":"https:\/\/minimumviable.academy\/fr\/wp-json\/wp\/v2\/product_brand?post=2948"},{"taxonomy":"product_cat","embeddable":true,"href":"https:\/\/minimumviable.academy\/fr\/wp-json\/wp\/v2\/product_cat?post=2948"},{"taxonomy":"product_tag","embeddable":true,"href":"https:\/\/minimumviable.academy\/fr\/wp-json\/wp\/v2\/product_tag?post=2948"}],"curies":[{"name":"wp","href":"https:\/\/api.w.org\/{rel}","templated":true}]}}