{"id":2947,"date":"2025-03-25T21:49:28","date_gmt":"2025-03-25T21:49:28","guid":{"rendered":"https:\/\/learn.perma.earth\/?post_type=product&#038;p=2947"},"modified":"2025-07-01T15:20:10","modified_gmt":"2025-07-01T14:20:10","slug":"how-to-be-a-community-member-of-a-thriving-resilient-online-space","status":"publish","type":"product","link":"https:\/\/minimumviable.academy\/fr\/produit\/how-to-be-a-community-member-of-a-thriving-resilient-online-space\/","title":{"rendered":"Comment devenir un membre de la communaut\u00e9 d'un espace en ligne prosp\u00e8re et r\u00e9silient ?"},"content":{"rendered":"<div id=\"meta-origin\" data-coolorigin=\"https%3A%2F%2Fcollabora.collective.tools%2Fcool%2Fclipboard%3FWOPISrc%3Dhttps%253A%252F%252Fcloud.perma.earth%252Findex.php%252Fapps%252Frichdocuments%252Fwopi%252Ffiles%252F726807_ocrwh2195e7x%26ServerId%3D38679fca%26ViewId%3D9%26Tag%3D16fbee5940f5a39e\">\n<div id=\"meta-origin\" data-coolorigin=\"https%3A%2F%2Fcollabora.collective.tools%2Fcool%2Fclipboard%3FWOPISrc%3Dhttps%253A%252F%252Fcloud.perma.earth%252Findex.php%252Fapps%252Frichdocuments%252Fwopi%252Ffiles%252F726807_ocrwh2195e7x%26ServerId%3D38679fca%26ViewId%3D9%26Tag%3D6bd2cfca74d87888\">\n<p align=\"left\"><b>15 juillet - 16:00 - 17:30 CET<\/b><\/p>\n<\/div>\n<p>Les communaut\u00e9s en ligne pr\u00e9sentent \u00e0 la fois des limites et des opportunit\u00e9s : elles sont ce que vous en faites. Pour devenir un membre engag\u00e9, il faut d'abord comprendre la mission, la vision et les m\u00e9thodes de travail de la communaut\u00e9. Il s'agit d'apprendre par l'exp\u00e9rience \u00e0 naviguer dans l'espace, \u00e0 utiliser efficacement les outils de collaboration et \u00e0 nouer des liens significatifs.<\/p>\n<p>Dans cet atelier exploratoire, nous nous pencherons sur ce que signifie concr\u00e8tement faire partie d'une communaut\u00e9 en ligne prosp\u00e8re et r\u00e9siliente. En s'engageant dans la <strong>CoLab<\/strong>En participant \u00e0 CoLab, vous comprendrez le fonctionnement des espaces en ligne, vous d\u00e9velopperez des comp\u00e9tences en mati\u00e8re de collaboration \u00e0 distance et vous d\u00e9couvrirez comment contribuer tout en b\u00e9n\u00e9ficiant d'un soutien. Ces apprentissages ne s'appliqueront pas seulement \u00e0 CoLab, ils vous aideront \u00e0 vous engager plus efficacement dans d'autres r\u00e9seaux et communaut\u00e9s align\u00e9s. Plus vous renforcerez ce muscle, plus il vous sera facile de vous adapter et de prosp\u00e9rer dans les espaces en ligne.<\/p>\n<p>Rejoignez-nous pour d\u00e9couvrir comment CoLab peut vous aider \u00e0 d\u00e9velopper votre pens\u00e9e critique, votre prise de d\u00e9cision et votre action collective !<\/p>\n<div class=\"et_pb_module et_pb_wc_description et_pb_wc_description_0 et_pb_bg_layout_light et_pb_text_align_left\">\n<div class=\"et_pb_module_inner\">\n<p>Cet atelier est financ\u00e9 par la <a href=\"https:\/\/minimumviable.academy\/fr\/project\/next-steps-project\/\">Projet Next Steps<\/a> par le biais de la <a href=\"https:\/\/minimumviable.academy\/fr\/\">International Permaculture CoLab<\/a>.<\/p>\n<\/div>\n<\/div>\n<\/div>","protected":false},"excerpt":{"rendered":"<p>Les communaut\u00e9s en ligne pr\u00e9sentent \u00e0 la fois des limites et des opportunit\u00e9s : elles sont ce que vous en faites. Pour devenir un membre engag\u00e9, il faut d'abord comprendre la mission, la vision et les m\u00e9thodes de travail de la communaut\u00e9. Il s'agit d'apprendre par l'exp\u00e9rience \u00e0 naviguer dans l'espace, \u00e0 utiliser efficacement les outils de collaboration et \u00e0 nouer des liens significatifs.<\/p>","protected":false},"featured_media":2955,"comment_status":"open","ping_status":"closed","template":"","meta":{"_acf_changed":false,"_bbp_topic_count":0,"_bbp_reply_count":0,"_bbp_total_topic_count":0,"_bbp_total_reply_count":0,"_bbp_voice_count":0,"_bbp_anonymous_reply_count":0,"_bbp_topic_count_hidden":0,"_bbp_reply_count_hidden":0,"_bbp_forum_subforum_count":0,"_et_pb_use_builder":"","_et_pb_old_content":"","_et_gb_content_width":""},"product_brand":[],"product_cat":[158],"product_tag":[],"class_list":{"0":"post-2947","1":"product","2":"type-product","3":"status-publish","4":"has-post-thumbnail","6":"product_cat-online-session","8":"first","9":"instock","10":"downloadable","11":"virtual","12":"taxable","13":"purchasable","14":"product-type-simple"},"acf":[],"_links":{"self":[{"href":"https:\/\/minimumviable.academy\/fr\/wp-json\/wp\/v2\/product\/2947","targetHints":{"allow":["GET"]}}],"collection":[{"href":"https:\/\/minimumviable.academy\/fr\/wp-json\/wp\/v2\/product"}],"about":[{"href":"https:\/\/minimumviable.academy\/fr\/wp-json\/wp\/v2\/types\/product"}],"replies":[{"embeddable":true,"href":"https:\/\/minimumviable.academy\/fr\/wp-json\/wp\/v2\/comments?post=2947"}],"wp:featuredmedia":[{"embeddable":true,"href":"https:\/\/minimumviable.academy\/fr\/wp-json\/wp\/v2\/media\/2955"}],"wp:attachment":[{"href":"https:\/\/minimumviable.academy\/fr\/wp-json\/wp\/v2\/media?parent=2947"}],"wp:term":[{"taxonomy":"product_brand","embeddable":true,"href":"https:\/\/minimumviable.academy\/fr\/wp-json\/wp\/v2\/product_brand?post=2947"},{"taxonomy":"product_cat","embeddable":true,"href":"https:\/\/minimumviable.academy\/fr\/wp-json\/wp\/v2\/product_cat?post=2947"},{"taxonomy":"product_tag","embeddable":true,"href":"https:\/\/minimumviable.academy\/fr\/wp-json\/wp\/v2\/product_tag?post=2947"}],"curies":[{"name":"wp","href":"https:\/\/api.w.org\/{rel}","templated":true}]}}