{"id":2886,"date":"2024-08-01T17:18:50","date_gmt":"2024-08-01T16:18:50","guid":{"rendered":"https:\/\/learn.perma.earth\/?post_type=product&#038;p=2886"},"modified":"2025-05-06T17:41:27","modified_gmt":"2025-05-06T16:41:27","slug":"mastering-freelance-success","status":"publish","type":"product","link":"https:\/\/minimumviable.academy\/fr\/produit\/mastering-freelance-success\/","title":{"rendered":"Ma\u00eetriser le succ\u00e8s en freelance : Outils essentiels pour cr\u00e9er de la valeur"},"content":{"rendered":"<p>Lib\u00e9rez votre potentiel de freelance gr\u00e2ce \u00e0 notre webinaire de 90 minutes, \"Ma\u00eetriser le succ\u00e8s en freelance : Outils essentiels pour cr\u00e9er de la valeur\". D\u00e9couvrez les secrets de la d\u00e9couverte de soi, de la recherche efficace de travail et de l'am\u00e9lioration des comp\u00e9tences. D\u00e9couvrez l'importance des connexions et des c\u00e9l\u00e9brations, naviguez dans les \u00e9l\u00e9ments juridiques essentiels et explorez les meilleurs outils de communication, de reporting et d'\u00e9valuation. Rejoignez-nous et transformez votre parcours de freelance avec des id\u00e9es et des strat\u00e9gies puissantes !<\/p>","protected":false},"excerpt":{"rendered":"<p>Lib\u00e9rez votre potentiel de freelance gr\u00e2ce \u00e0 notre webinaire de 90 minutes, \"Ma\u00eetriser le succ\u00e8s en freelance : Outils essentiels pour cr\u00e9er de la valeur\". D\u00e9couvrez les secrets de la d\u00e9couverte de soi, de la recherche efficace de travail et de l'am\u00e9lioration des comp\u00e9tences. D\u00e9couvrez l'importance des connexions et des c\u00e9l\u00e9brations, naviguez dans les \u00e9l\u00e9ments juridiques essentiels et explorez les meilleurs outils de communication, de reporting et d'\u00e9valuation. Rejoignez-nous et transformez votre parcours de freelance avec des id\u00e9es et des strat\u00e9gies puissantes.<\/p>\n<p>Ce webinaire est financ\u00e9 par le programme <a href=\"https:\/\/minimumviable.academy\/fr\/project\/next-steps-project\/\">Projet Next Steps<\/a> par le biais de la <a href=\"https:\/\/minimumviable.academy\/fr\/\">International Permaculture CoLab<\/a>.<\/p>","protected":false},"featured_media":2884,"comment_status":"open","ping_status":"closed","template":"","meta":{"_acf_changed":false,"_bbp_topic_count":0,"_bbp_reply_count":0,"_bbp_total_topic_count":0,"_bbp_total_reply_count":0,"_bbp_voice_count":0,"_bbp_anonymous_reply_count":0,"_bbp_topic_count_hidden":0,"_bbp_reply_count_hidden":0,"_bbp_forum_subforum_count":0,"_et_pb_use_builder":"","_et_pb_old_content":"","_et_gb_content_width":""},"product_brand":[],"product_cat":[158],"product_tag":[],"class_list":{"0":"post-2886","1":"product","2":"type-product","3":"status-publish","4":"has-post-thumbnail","6":"product_cat-online-session","8":"first","9":"instock","10":"virtual","11":"taxable","12":"purchasable","13":"product-type-simple"},"acf":[],"_links":{"self":[{"href":"https:\/\/minimumviable.academy\/fr\/wp-json\/wp\/v2\/product\/2886","targetHints":{"allow":["GET"]}}],"collection":[{"href":"https:\/\/minimumviable.academy\/fr\/wp-json\/wp\/v2\/product"}],"about":[{"href":"https:\/\/minimumviable.academy\/fr\/wp-json\/wp\/v2\/types\/product"}],"replies":[{"embeddable":true,"href":"https:\/\/minimumviable.academy\/fr\/wp-json\/wp\/v2\/comments?post=2886"}],"wp:featuredmedia":[{"embeddable":true,"href":"https:\/\/minimumviable.academy\/fr\/wp-json\/wp\/v2\/media\/2884"}],"wp:attachment":[{"href":"https:\/\/minimumviable.academy\/fr\/wp-json\/wp\/v2\/media?parent=2886"}],"wp:term":[{"taxonomy":"product_brand","embeddable":true,"href":"https:\/\/minimumviable.academy\/fr\/wp-json\/wp\/v2\/product_brand?post=2886"},{"taxonomy":"product_cat","embeddable":true,"href":"https:\/\/minimumviable.academy\/fr\/wp-json\/wp\/v2\/product_cat?post=2886"},{"taxonomy":"product_tag","embeddable":true,"href":"https:\/\/minimumviable.academy\/fr\/wp-json\/wp\/v2\/product_tag?post=2886"}],"curies":[{"name":"wp","href":"https:\/\/api.w.org\/{rel}","templated":true}]}}