{"id":2701,"date":"2024-05-17T15:22:23","date_gmt":"2024-05-17T14:22:23","guid":{"rendered":"https:\/\/learn.perma.earth\/?post_type=product&#038;p=2701"},"modified":"2026-05-08T03:57:52","modified_gmt":"2026-05-08T02:57:52","slug":"active-responsible-participation","status":"publish","type":"product","link":"https:\/\/minimumviable.academy\/fr\/produit\/active-responsible-participation\/","title":{"rendered":"Participation active et responsable \u00e0 la gouvernance ouverte"},"content":{"rendered":"<p>Une exploration de 90 minutes sur la participation active et responsable dans la gouvernance ouverte.<\/p>\n<p>Regardez l'enregistrement ici.<\/p>","protected":false},"excerpt":{"rendered":"<p>Une exploration de 90 minutes sur la participation active et responsable dans la gouvernance ouverte. <span class=\"OYPEnA text-decoration-none text-strikethrough-none\">Participez \u00e0 cet atelier pour comprendre et favoriser l'engagement de la communaut\u00e9 afin d'assurer une prise de d\u00e9cision inclusive qui profite \u00e0 tous les membres de la communaut\u00e9.<\/span><\/p>\n<p>&nbsp;<\/p>","protected":false},"featured_media":2732,"comment_status":"open","ping_status":"closed","template":"","meta":{"_acf_changed":false,"_bbp_topic_count":0,"_bbp_reply_count":0,"_bbp_total_topic_count":0,"_bbp_total_reply_count":0,"_bbp_voice_count":0,"_bbp_anonymous_reply_count":0,"_bbp_topic_count_hidden":0,"_bbp_reply_count_hidden":0,"_bbp_forum_subforum_count":0,"_et_pb_use_builder":"","_et_pb_old_content":"","_et_gb_content_width":""},"product_brand":[],"product_cat":[158],"product_tag":[],"class_list":{"0":"post-2701","1":"product","2":"type-product","3":"status-publish","4":"has-post-thumbnail","6":"product_cat-online-session","8":"first","9":"instock","10":"downloadable","11":"virtual","12":"taxable","13":"purchasable","14":"product-type-simple"},"acf":[],"_links":{"self":[{"href":"https:\/\/minimumviable.academy\/fr\/wp-json\/wp\/v2\/product\/2701","targetHints":{"allow":["GET"]}}],"collection":[{"href":"https:\/\/minimumviable.academy\/fr\/wp-json\/wp\/v2\/product"}],"about":[{"href":"https:\/\/minimumviable.academy\/fr\/wp-json\/wp\/v2\/types\/product"}],"replies":[{"embeddable":true,"href":"https:\/\/minimumviable.academy\/fr\/wp-json\/wp\/v2\/comments?post=2701"}],"wp:featuredmedia":[{"embeddable":true,"href":"https:\/\/minimumviable.academy\/fr\/wp-json\/wp\/v2\/media\/2732"}],"wp:attachment":[{"href":"https:\/\/minimumviable.academy\/fr\/wp-json\/wp\/v2\/media?parent=2701"}],"wp:term":[{"taxonomy":"product_brand","embeddable":true,"href":"https:\/\/minimumviable.academy\/fr\/wp-json\/wp\/v2\/product_brand?post=2701"},{"taxonomy":"product_cat","embeddable":true,"href":"https:\/\/minimumviable.academy\/fr\/wp-json\/wp\/v2\/product_cat?post=2701"},{"taxonomy":"product_tag","embeddable":true,"href":"https:\/\/minimumviable.academy\/fr\/wp-json\/wp\/v2\/product_tag?post=2701"}],"curies":[{"name":"wp","href":"https:\/\/api.w.org\/{rel}","templated":true}]}}