{"id":2660,"date":"2024-04-15T11:35:25","date_gmt":"2024-04-15T10:35:25","guid":{"rendered":"https:\/\/learn.perma.earth\/?post_type=product&#038;p=2660"},"modified":"2026-05-08T16:47:52","modified_gmt":"2026-05-08T15:47:52","slug":"successful-remote-collaborations","status":"publish","type":"product","link":"https:\/\/minimumviable.academy\/fr\/produit\/successful-remote-collaborations\/","title":{"rendered":"Collaborations \u00e0 distance r\u00e9ussies"},"content":{"rendered":"<p>Une table ronde de 90 minutes \u00e0 laquelle vous pouvez acc\u00e9der \u00e0 votre guise et qui comprend des mod\u00e8les, des ressources et des liens vers des articles, ainsi que les principaux points \u00e0 retenir de la session.<\/p>\n<p>Si vous \u00eates membre de l'International Permaculture CoLab, veuillez utiliser le code pour les membres partag\u00e9 sur le canal #minimum-viable-academy au moment du paiement.<\/p>","protected":false},"excerpt":{"rendered":"<p>Une table ronde de 90 minutes \u00e0 laquelle vous pouvez acc\u00e9der \u00e0 votre guise et qui comprend des mod\u00e8les, des ressources et des liens vers des articles, ainsi que les principaux points \u00e0 retenir de la session.<\/p>","protected":false},"featured_media":2617,"comment_status":"open","ping_status":"closed","template":"","meta":{"_acf_changed":false,"_bbp_topic_count":0,"_bbp_reply_count":0,"_bbp_total_topic_count":0,"_bbp_total_reply_count":0,"_bbp_voice_count":0,"_bbp_anonymous_reply_count":0,"_bbp_topic_count_hidden":0,"_bbp_reply_count_hidden":0,"_bbp_forum_subforum_count":0,"_et_pb_use_builder":"","_et_pb_old_content":"","_et_gb_content_width":""},"product_brand":[],"product_cat":[157],"product_tag":[],"class_list":{"0":"post-2660","1":"product","2":"type-product","3":"status-publish","4":"has-post-thumbnail","6":"product_cat-recorded-training","8":"first","9":"instock","10":"downloadable","11":"virtual","12":"taxable","13":"purchasable","14":"product-type-simple"},"acf":[],"_links":{"self":[{"href":"https:\/\/minimumviable.academy\/fr\/wp-json\/wp\/v2\/product\/2660","targetHints":{"allow":["GET"]}}],"collection":[{"href":"https:\/\/minimumviable.academy\/fr\/wp-json\/wp\/v2\/product"}],"about":[{"href":"https:\/\/minimumviable.academy\/fr\/wp-json\/wp\/v2\/types\/product"}],"replies":[{"embeddable":true,"href":"https:\/\/minimumviable.academy\/fr\/wp-json\/wp\/v2\/comments?post=2660"}],"wp:featuredmedia":[{"embeddable":true,"href":"https:\/\/minimumviable.academy\/fr\/wp-json\/wp\/v2\/media\/2617"}],"wp:attachment":[{"href":"https:\/\/minimumviable.academy\/fr\/wp-json\/wp\/v2\/media?parent=2660"}],"wp:term":[{"taxonomy":"product_brand","embeddable":true,"href":"https:\/\/minimumviable.academy\/fr\/wp-json\/wp\/v2\/product_brand?post=2660"},{"taxonomy":"product_cat","embeddable":true,"href":"https:\/\/minimumviable.academy\/fr\/wp-json\/wp\/v2\/product_cat?post=2660"},{"taxonomy":"product_tag","embeddable":true,"href":"https:\/\/minimumviable.academy\/fr\/wp-json\/wp\/v2\/product_tag?post=2660"}],"curies":[{"name":"wp","href":"https:\/\/api.w.org\/{rel}","templated":true}]}}