{"id":877,"date":"2022-12-28T19:16:27","date_gmt":"2022-12-28T19:16:27","guid":{"rendered":"https:\/\/learn.perma.earth\/?post_type=product&#038;p=877"},"modified":"2024-12-12T17:29:50","modified_gmt":"2024-12-12T17:29:50","slug":"permaculture-journal-template","status":"publish","type":"product","link":"https:\/\/minimumviable.academy\/es\/producto\/permaculture-journal-template\/","title":{"rendered":"Plantilla de diario de permacultura"},"content":{"rendered":"<p class=\"_04xlpA direction-ltr align-start para-style-body\"><span class=\"S1PPyQ\">Todos los dise\u00f1os de permacultura, independientemente del marco de dise\u00f1o utilizado, empezar\u00e1n inevitablemente por la Observaci\u00f3n.<\/span><\/p>\n<p class=\"_04xlpA direction-ltr align-start para-style-body\"><span class=\"S1PPyQ\">Llevar un diario concentrado durante un periodo de tiempo es una herramienta \u00fatil para captar observaciones sobre uno mismo, un entorno o una comunidad. Si est\u00e1s dise\u00f1ando para un cliente, puedes pedirle que lleve tambi\u00e9n un diario para diversificar la perspectiva.<\/span><\/p>","protected":false},"excerpt":{"rendered":"<p>Plantilla imprimible de diario de permacultura<\/p>","protected":false},"featured_media":878,"comment_status":"open","ping_status":"closed","template":"","meta":{"_acf_changed":false,"_bbp_topic_count":0,"_bbp_reply_count":0,"_bbp_total_topic_count":0,"_bbp_total_reply_count":0,"_bbp_voice_count":0,"_bbp_anonymous_reply_count":0,"_bbp_topic_count_hidden":0,"_bbp_reply_count_hidden":0,"_bbp_forum_subforum_count":0,"_et_pb_use_builder":"","_et_pb_old_content":"","_et_gb_content_width":""},"product_brand":[],"product_cat":[58,57],"product_tag":[56,55,54],"class_list":{"0":"post-877","1":"product","2":"type-product","3":"status-publish","4":"has-post-thumbnail","6":"product_cat-permaculture-tools","7":"product_cat-printable-resources","8":"product_tag-journaling","9":"product_tag-permaculture","10":"product_tag-printable-resource","12":"first","13":"instock","14":"downloadable","15":"virtual","16":"taxable","17":"purchasable","18":"product-type-simple"},"acf":[],"_links":{"self":[{"href":"https:\/\/minimumviable.academy\/es\/wp-json\/wp\/v2\/product\/877","targetHints":{"allow":["GET"]}}],"collection":[{"href":"https:\/\/minimumviable.academy\/es\/wp-json\/wp\/v2\/product"}],"about":[{"href":"https:\/\/minimumviable.academy\/es\/wp-json\/wp\/v2\/types\/product"}],"replies":[{"embeddable":true,"href":"https:\/\/minimumviable.academy\/es\/wp-json\/wp\/v2\/comments?post=877"}],"wp:featuredmedia":[{"embeddable":true,"href":"https:\/\/minimumviable.academy\/es\/wp-json\/wp\/v2\/media\/878"}],"wp:attachment":[{"href":"https:\/\/minimumviable.academy\/es\/wp-json\/wp\/v2\/media?parent=877"}],"wp:term":[{"taxonomy":"product_brand","embeddable":true,"href":"https:\/\/minimumviable.academy\/es\/wp-json\/wp\/v2\/product_brand?post=877"},{"taxonomy":"product_cat","embeddable":true,"href":"https:\/\/minimumviable.academy\/es\/wp-json\/wp\/v2\/product_cat?post=877"},{"taxonomy":"product_tag","embeddable":true,"href":"https:\/\/minimumviable.academy\/es\/wp-json\/wp\/v2\/product_tag?post=877"}],"curies":[{"name":"wp","href":"https:\/\/api.w.org\/{rel}","templated":true}]}}