{"id":3358,"date":"2026-04-04T15:04:57","date_gmt":"2026-04-04T14:04:57","guid":{"rendered":"https:\/\/minimumviable.academy\/?post_type=product&#038;p=3358"},"modified":"2026-04-12T13:48:27","modified_gmt":"2026-04-12T12:48:27","slug":"introduction-to-permaculture-10-hour-course-october","status":"publish","type":"product","link":"https:\/\/minimumviable.academy\/es\/producto\/introduction-to-permaculture-10-hour-course-october\/","title":{"rendered":"Introduction to Permaculture &#8211; 10 hour course (October)"},"content":{"rendered":"<p>La permacultura es algo m\u00e1s que jardiner\u00eda: ofrece una forma de ser, pensar, relacionarse y dise\u00f1ar que fomenta\u00a0<strong>colaboraci\u00f3n, cocreaci\u00f3n e interconexi\u00f3n<\/strong>\u00a0a trav\u00e9s de diversos dominios y perspectivas. Este curso interactivo de 3 sesiones de dos horas presenta\u00a0<strong>\u00e9tica de la permacultura, principios, pensamiento sist\u00e9mico y un marco de dise\u00f1o pr\u00e1ctico<\/strong>, En cada sesi\u00f3n se explorar\u00e1n diferentes aspectos fundamentales de la permacultura para dotar a los participantes de las herramientas necesarias para participar en procesos de dise\u00f1o significativos que beneficien a sus ecosistemas. Cada sesi\u00f3n explorar\u00e1 diferentes aspectos fundamentales de la permacultura para ofrecerle un lenguaje compartido para colaborar y comunicarse con otros profesionales de la permacultura dentro del movimiento de la permacultura. A partir de este curso podr\u00e1s continuar con el Certificado de Dise\u00f1o de Permacultura si deseas profundizar en tus estudios. Este curso est\u00e1 certificado por la <a href=\"https:\/\/perma.earth\/\">Laboratorio Internacional de Permacultura<\/a> mediante un proceso de revisi\u00f3n inter pares.<\/p>","protected":false},"excerpt":{"rendered":"<p>La permacultura es m\u00e1s que jardiner\u00eda. Ofrece una forma de ser, pensar y dise\u00f1ar que fomenta la colaboraci\u00f3n, la cocreaci\u00f3n y la interconexi\u00f3n entre distintos \u00e1mbitos. <strong>tres sesiones de dos horas<\/strong> y 4 horas de trabajo de los alumnos, introduciendo el <strong>\u00e9tica, principios, pensamiento sist\u00e9mico<\/strong> y un <strong>marco de dise\u00f1o pr\u00e1ctico<\/strong> de la permacultura. Adquirir\u00e1s herramientas para participar en procesos de dise\u00f1o significativos que beneficien tanto a las personas como a los ecosistemas.<\/p>\n<p>El curso construye un lenguaje compartido para trabajar juntos a trav\u00e9s de proyectos en el movimiento de la permacultura y le prepara para continuar hacia un <strong>Certificado de dise\u00f1o de permacultura<\/strong> si desea profundizar en sus estudios.<\/p>","protected":false},"featured_media":3359,"comment_status":"open","ping_status":"closed","template":"","meta":{"_acf_changed":false,"_bbp_topic_count":0,"_bbp_reply_count":0,"_bbp_total_topic_count":0,"_bbp_total_reply_count":0,"_bbp_voice_count":0,"_bbp_anonymous_reply_count":0,"_bbp_topic_count_hidden":0,"_bbp_reply_count_hidden":0,"_bbp_forum_subforum_count":0,"_et_pb_use_builder":"off","_et_pb_old_content":"Permaculture is more than just gardening \u2013 it offers a way of being, thinking, relating and designing that fosters\u00a0<strong>collaboration, co-creation, and interconnection<\/strong>\u00a0across diverse domains and perspectives. This interactive 3 two-hour sessions course introduces\u00a0<strong>permaculture ethics, principles, systems thinking and a practical design framework<\/strong>, equipping participants with the tools to engage in meaningful design processes that benefit their ecosystems.\r\n\r\nEach session will explore different fundamental aspects of permaculture to give you a shared language to collaborate and communicate with other permaculture practitioners within the permaculture movement.\r\n\r\nFrom this course you will be able to continue on to the Permaculture Design Certificate if you want to deepen your studies. This course is co-produced and peer-reviewed by Certified Permaculture Diploma holders.\r\n\r\nThis course is certified by the\u00a0<a href=\"https:\/\/perma.earth\/\">International Permaculture CoLab<\/a> through a peer review process.","_et_gb_content_width":""},"product_brand":[],"product_cat":[158,214],"product_tag":[],"class_list":{"0":"post-3358","1":"product","2":"type-product","3":"status-publish","4":"has-post-thumbnail","6":"product_cat-online-session","7":"product_cat-permaculture-training","9":"first","10":"instock","11":"downloadable","12":"virtual","13":"taxable","14":"purchasable","15":"product-type-simple"},"acf":[],"_links":{"self":[{"href":"https:\/\/minimumviable.academy\/es\/wp-json\/wp\/v2\/product\/3358","targetHints":{"allow":["GET"]}}],"collection":[{"href":"https:\/\/minimumviable.academy\/es\/wp-json\/wp\/v2\/product"}],"about":[{"href":"https:\/\/minimumviable.academy\/es\/wp-json\/wp\/v2\/types\/product"}],"replies":[{"embeddable":true,"href":"https:\/\/minimumviable.academy\/es\/wp-json\/wp\/v2\/comments?post=3358"}],"wp:featuredmedia":[{"embeddable":true,"href":"https:\/\/minimumviable.academy\/es\/wp-json\/wp\/v2\/media\/3359"}],"wp:attachment":[{"href":"https:\/\/minimumviable.academy\/es\/wp-json\/wp\/v2\/media?parent=3358"}],"wp:term":[{"taxonomy":"product_brand","embeddable":true,"href":"https:\/\/minimumviable.academy\/es\/wp-json\/wp\/v2\/product_brand?post=3358"},{"taxonomy":"product_cat","embeddable":true,"href":"https:\/\/minimumviable.academy\/es\/wp-json\/wp\/v2\/product_cat?post=3358"},{"taxonomy":"product_tag","embeddable":true,"href":"https:\/\/minimumviable.academy\/es\/wp-json\/wp\/v2\/product_tag?post=3358"}],"curies":[{"name":"wp","href":"https:\/\/api.w.org\/{rel}","templated":true}]}}