{"id":2948,"date":"2025-03-25T21:52:21","date_gmt":"2025-03-25T21:52:21","guid":{"rendered":"https:\/\/learn.perma.earth\/?post_type=product&#038;p=2948"},"modified":"2025-11-03T10:44:23","modified_gmt":"2025-11-03T10:44:23","slug":"network-weaving-practices-and-processes-for-international-permaculture-colab-members","status":"publish","type":"product","link":"https:\/\/minimumviable.academy\/es\/producto\/network-weaving-practices-and-processes-for-international-permaculture-colab-members\/","title":{"rendered":"Pr\u00e1cticas y procesos de tejido de redes para los miembros del CoLab Internacional de Permacultura"},"content":{"rendered":"<div id=\"meta-origin\" data-coolorigin=\"https%3A%2F%2Fcollabora.collective.tools%2Fcool%2Fclipboard%3FWOPISrc%3Dhttps%253A%252F%252Fcloud.perma.earth%252Findex.php%252Fapps%252Frichdocuments%252Fwopi%252Ffiles%252F726807_ocrwh2195e7x%26ServerId%3D38679fca%26ViewId%3D9%26Tag%3D694f1f3b4153c8dc\">\n<div id=\"meta-origin\" data-coolorigin=\"https%3A%2F%2Fcollabora.collective.tools%2Fcool%2Fclipboard%3FWOPISrc%3Dhttps%253A%252F%252Fcloud.perma.earth%252Findex.php%252Fapps%252Frichdocuments%252Fwopi%252Ffiles%252F726807_ocrwh2195e7x%26ServerId%3D38679fca%26ViewId%3D9%26Tag%3D694f1f3b4153c8dc\">\n<p align=\"left\"><b>Mi\u00e9rcoles 15 de octubre 16:00 - 17:30 CET<\/b><\/p>\n<\/div>\n<p>\u00bfC\u00f3mo crecen y se mantienen las redes pr\u00f3speras? \u00bfQu\u00e9 pr\u00e1cticas ayudan a generar confianza, fomentar la colaboraci\u00f3n y crear conexiones duraderas?<\/p>\n<p>Participe en una sesi\u00f3n interactiva en la que expertos <strong>tejedores de redes<\/strong> compartir\u00e1n sus puntos de vista, enfoques y lecciones aprendidas a la hora de tejer comunidades fuertes y resilientes. Esta es su oportunidad para <strong>hacer preguntas, explorar ideas y sentir curiosidad<\/strong> sobre todo lo relacionado con el tejido de redes: c\u00f3mo funciona, por qu\u00e9 es importante y c\u00f3mo podemos aplicar estas pr\u00e1cticas en nuestro entorno. <strong>CoLab<\/strong>.<\/p>\n<p>Tanto si eres nuevo en el tejido de redes como si quieres profundizar en tus conocimientos, esta sesi\u00f3n es un espacio para aprender, intercambiar ideas y explorar c\u00f3mo podemos fortalecer CoLab juntos.<\/p>\n<p>\u00a1Ven con tu curiosidad y zambull\u00e1monos en el arte de tejer redes!<\/p>\n<div class=\"et_pb_module et_pb_wc_description et_pb_wc_description_0 et_pb_bg_layout_light et_pb_text_align_left\">\n<div class=\"et_pb_module_inner\">\n<p>Este seminario web se financia a trav\u00e9s del <a href=\"https:\/\/minimumviable.academy\/es\/project\/next-steps-project\/\">Proyecto Pr\u00f3ximos Pasos<\/a> a trav\u00e9s de la <a href=\"https:\/\/minimumviable.academy\/es\/\">Laboratorio Internacional de Permacultura<\/a>.<\/p>\n<\/div>\n<\/div>\n<\/div>","protected":false},"excerpt":{"rendered":"<p>Tanto si eres nuevo en el tejido de redes como si quieres profundizar en tus conocimientos, esta sesi\u00f3n es un espacio para aprender, intercambiar ideas y explorar c\u00f3mo podemos fortalecer CoLab juntos.<\/p>","protected":false},"featured_media":2959,"comment_status":"open","ping_status":"closed","template":"","meta":{"_acf_changed":false,"_bbp_topic_count":0,"_bbp_reply_count":0,"_bbp_total_topic_count":0,"_bbp_total_reply_count":0,"_bbp_voice_count":0,"_bbp_anonymous_reply_count":0,"_bbp_topic_count_hidden":0,"_bbp_reply_count_hidden":0,"_bbp_forum_subforum_count":0,"_et_pb_use_builder":"","_et_pb_old_content":"","_et_gb_content_width":""},"product_brand":[],"product_cat":[158],"product_tag":[],"class_list":{"0":"post-2948","1":"product","2":"type-product","3":"status-publish","4":"has-post-thumbnail","6":"product_cat-online-session","8":"first","9":"instock","10":"downloadable","11":"virtual","12":"taxable","13":"purchasable","14":"product-type-simple"},"acf":[],"_links":{"self":[{"href":"https:\/\/minimumviable.academy\/es\/wp-json\/wp\/v2\/product\/2948","targetHints":{"allow":["GET"]}}],"collection":[{"href":"https:\/\/minimumviable.academy\/es\/wp-json\/wp\/v2\/product"}],"about":[{"href":"https:\/\/minimumviable.academy\/es\/wp-json\/wp\/v2\/types\/product"}],"replies":[{"embeddable":true,"href":"https:\/\/minimumviable.academy\/es\/wp-json\/wp\/v2\/comments?post=2948"}],"wp:featuredmedia":[{"embeddable":true,"href":"https:\/\/minimumviable.academy\/es\/wp-json\/wp\/v2\/media\/2959"}],"wp:attachment":[{"href":"https:\/\/minimumviable.academy\/es\/wp-json\/wp\/v2\/media?parent=2948"}],"wp:term":[{"taxonomy":"product_brand","embeddable":true,"href":"https:\/\/minimumviable.academy\/es\/wp-json\/wp\/v2\/product_brand?post=2948"},{"taxonomy":"product_cat","embeddable":true,"href":"https:\/\/minimumviable.academy\/es\/wp-json\/wp\/v2\/product_cat?post=2948"},{"taxonomy":"product_tag","embeddable":true,"href":"https:\/\/minimumviable.academy\/es\/wp-json\/wp\/v2\/product_tag?post=2948"}],"curies":[{"name":"wp","href":"https:\/\/api.w.org\/{rel}","templated":true}]}}