{"id":2947,"date":"2025-03-25T21:49:28","date_gmt":"2025-03-25T21:49:28","guid":{"rendered":"https:\/\/learn.perma.earth\/?post_type=product&#038;p=2947"},"modified":"2025-07-01T15:20:10","modified_gmt":"2025-07-01T14:20:10","slug":"how-to-be-a-community-member-of-a-thriving-resilient-online-space","status":"publish","type":"product","link":"https:\/\/minimumviable.academy\/es\/producto\/how-to-be-a-community-member-of-a-thriving-resilient-online-space\/","title":{"rendered":"C\u00f3mo ser miembro de la comunidad de un espacio en l\u00ednea pr\u00f3spero y resistente"},"content":{"rendered":"<div id=\"meta-origin\" data-coolorigin=\"https%3A%2F%2Fcollabora.collective.tools%2Fcool%2Fclipboard%3FWOPISrc%3Dhttps%253A%252F%252Fcloud.perma.earth%252Findex.php%252Fapps%252Frichdocuments%252Fwopi%252Ffiles%252F726807_ocrwh2195e7x%26ServerId%3D38679fca%26ViewId%3D9%26Tag%3D16fbee5940f5a39e\">\n<div id=\"meta-origin\" data-coolorigin=\"https%3A%2F%2Fcollabora.collective.tools%2Fcool%2Fclipboard%3FWOPISrc%3Dhttps%253A%252F%252Fcloud.perma.earth%252Findex.php%252Fapps%252Frichdocuments%252Fwopi%252Ffiles%252F726807_ocrwh2195e7x%26ServerId%3D38679fca%26ViewId%3D9%26Tag%3D6bd2cfca74d87888\">\n<p align=\"left\"><b>15 de julio - 16:00 - 17:30 CET<\/b><\/p>\n<\/div>\n<p>Las comunidades en l\u00ednea tienen limitaciones y oportunidades: pueden ser lo que t\u00fa hagas de ellas. Para convertirse en un miembro comprometido hay que empezar por comprender la misi\u00f3n, la visi\u00f3n y la forma de trabajar de la comunidad. Se trata de aprender a trav\u00e9s de la experiencia c\u00f3mo navegar por el espacio, utilizar las herramientas de colaboraci\u00f3n con eficacia y participar en conexiones significativas.<\/p>\n<p>En este taller exploratorio, nos sumergiremos en lo que significa en t\u00e9rminos pr\u00e1cticos formar parte de una comunidad en l\u00ednea pr\u00f3spera y resistente. A trav\u00e9s de la <strong>CoLab<\/strong>En CoLab, aprender\u00e1s c\u00f3mo funcionan los espacios en l\u00ednea, desarrollar\u00e1s habilidades para la colaboraci\u00f3n a distancia y descubrir\u00e1s c\u00f3mo contribuir al mismo tiempo que recibes apoyo. Estos conocimientos no s\u00f3lo se aplicar\u00e1n a CoLab, sino que le ayudar\u00e1n a participar m\u00e1s eficazmente en otras redes y comunidades afines. Cuanto m\u00e1s fortalezcas este m\u00fasculo, m\u00e1s f\u00e1cil te resultar\u00e1 adaptarte y prosperar en los espacios en l\u00ednea.<\/p>\n<p>\u00danase a nosotros para explorar c\u00f3mo CoLab puede capacitarle para el pensamiento cr\u00edtico, la toma de decisiones y la acci\u00f3n colectiva.<\/p>\n<div class=\"et_pb_module et_pb_wc_description et_pb_wc_description_0 et_pb_bg_layout_light et_pb_text_align_left\">\n<div class=\"et_pb_module_inner\">\n<p>Este taller est\u00e1 financiado a trav\u00e9s del <a href=\"https:\/\/minimumviable.academy\/es\/project\/next-steps-project\/\">Proyecto Pr\u00f3ximos Pasos<\/a> a trav\u00e9s de la <a href=\"https:\/\/minimumviable.academy\/es\/\">Laboratorio Internacional de Permacultura<\/a>.<\/p>\n<\/div>\n<\/div>\n<\/div>","protected":false},"excerpt":{"rendered":"<p>Las comunidades en l\u00ednea tienen limitaciones y oportunidades: pueden ser lo que t\u00fa hagas de ellas. Para convertirse en un miembro comprometido hay que empezar por comprender la misi\u00f3n, la visi\u00f3n y la forma de trabajar de la comunidad. Se trata de aprender a trav\u00e9s de la experiencia c\u00f3mo navegar por el espacio, utilizar las herramientas de colaboraci\u00f3n con eficacia y participar en conexiones significativas.<\/p>","protected":false},"featured_media":2955,"comment_status":"open","ping_status":"closed","template":"","meta":{"_acf_changed":false,"_bbp_topic_count":0,"_bbp_reply_count":0,"_bbp_total_topic_count":0,"_bbp_total_reply_count":0,"_bbp_voice_count":0,"_bbp_anonymous_reply_count":0,"_bbp_topic_count_hidden":0,"_bbp_reply_count_hidden":0,"_bbp_forum_subforum_count":0,"_et_pb_use_builder":"","_et_pb_old_content":"","_et_gb_content_width":""},"product_brand":[],"product_cat":[158],"product_tag":[],"class_list":{"0":"post-2947","1":"product","2":"type-product","3":"status-publish","4":"has-post-thumbnail","6":"product_cat-online-session","8":"first","9":"instock","10":"downloadable","11":"virtual","12":"taxable","13":"purchasable","14":"product-type-simple"},"acf":[],"_links":{"self":[{"href":"https:\/\/minimumviable.academy\/es\/wp-json\/wp\/v2\/product\/2947","targetHints":{"allow":["GET"]}}],"collection":[{"href":"https:\/\/minimumviable.academy\/es\/wp-json\/wp\/v2\/product"}],"about":[{"href":"https:\/\/minimumviable.academy\/es\/wp-json\/wp\/v2\/types\/product"}],"replies":[{"embeddable":true,"href":"https:\/\/minimumviable.academy\/es\/wp-json\/wp\/v2\/comments?post=2947"}],"wp:featuredmedia":[{"embeddable":true,"href":"https:\/\/minimumviable.academy\/es\/wp-json\/wp\/v2\/media\/2955"}],"wp:attachment":[{"href":"https:\/\/minimumviable.academy\/es\/wp-json\/wp\/v2\/media?parent=2947"}],"wp:term":[{"taxonomy":"product_brand","embeddable":true,"href":"https:\/\/minimumviable.academy\/es\/wp-json\/wp\/v2\/product_brand?post=2947"},{"taxonomy":"product_cat","embeddable":true,"href":"https:\/\/minimumviable.academy\/es\/wp-json\/wp\/v2\/product_cat?post=2947"},{"taxonomy":"product_tag","embeddable":true,"href":"https:\/\/minimumviable.academy\/es\/wp-json\/wp\/v2\/product_tag?post=2947"}],"curies":[{"name":"wp","href":"https:\/\/api.w.org\/{rel}","templated":true}]}}