{"id":2886,"date":"2024-08-01T17:18:50","date_gmt":"2024-08-01T16:18:50","guid":{"rendered":"https:\/\/learn.perma.earth\/?post_type=product&#038;p=2886"},"modified":"2025-05-06T17:41:27","modified_gmt":"2025-05-06T16:41:27","slug":"mastering-freelance-success","status":"publish","type":"product","link":"https:\/\/minimumviable.academy\/es\/producto\/mastering-freelance-success\/","title":{"rendered":"Dominar el \u00e9xito como freelance: Herramientas esenciales para crear valor"},"content":{"rendered":"<p>Libere su potencial como aut\u00f3nomo en nuestro seminario web de 90 minutos, \"Dominar el \u00e9xito como aut\u00f3nomo: Herramientas esenciales para crear valor\". Descubra los secretos del autodescubrimiento, la b\u00fasqueda eficaz de trabajo y la mejora de las competencias. Descubra la importancia de las conexiones y las celebraciones, navegue por los aspectos legales esenciales y explore las mejores herramientas para la comunicaci\u00f3n, los informes y las evaluaciones. \u00danase a nosotros y transforme su viaje como aut\u00f3nomo con ideas y estrategias poderosas.<\/p>","protected":false},"excerpt":{"rendered":"<p>Libere su potencial como aut\u00f3nomo en nuestro seminario web de 90 minutos, \"Dominar el \u00e9xito como aut\u00f3nomo: Herramientas esenciales para crear valor\". Descubra los secretos del autodescubrimiento, la b\u00fasqueda eficaz de trabajo y la mejora de las competencias. Descubra la importancia de las conexiones y las celebraciones, navegue por los aspectos legales esenciales y explore las mejores herramientas para la comunicaci\u00f3n, los informes y las evaluaciones. \u00danete a nosotros y transforma tu trayectoria como aut\u00f3nomo con ideas y estrategias poderosas.<\/p>\n<p>Este seminario web se financia a trav\u00e9s del <a href=\"https:\/\/minimumviable.academy\/es\/project\/next-steps-project\/\">Proyecto Pr\u00f3ximos Pasos<\/a> a trav\u00e9s de la <a href=\"https:\/\/minimumviable.academy\/es\/\">Laboratorio Internacional de Permacultura<\/a>.<\/p>","protected":false},"featured_media":2884,"comment_status":"open","ping_status":"closed","template":"","meta":{"_acf_changed":false,"_bbp_topic_count":0,"_bbp_reply_count":0,"_bbp_total_topic_count":0,"_bbp_total_reply_count":0,"_bbp_voice_count":0,"_bbp_anonymous_reply_count":0,"_bbp_topic_count_hidden":0,"_bbp_reply_count_hidden":0,"_bbp_forum_subforum_count":0,"_et_pb_use_builder":"","_et_pb_old_content":"","_et_gb_content_width":""},"product_brand":[],"product_cat":[158],"product_tag":[],"class_list":{"0":"post-2886","1":"product","2":"type-product","3":"status-publish","4":"has-post-thumbnail","6":"product_cat-online-session","8":"first","9":"instock","10":"virtual","11":"taxable","12":"purchasable","13":"product-type-simple"},"acf":[],"_links":{"self":[{"href":"https:\/\/minimumviable.academy\/es\/wp-json\/wp\/v2\/product\/2886","targetHints":{"allow":["GET"]}}],"collection":[{"href":"https:\/\/minimumviable.academy\/es\/wp-json\/wp\/v2\/product"}],"about":[{"href":"https:\/\/minimumviable.academy\/es\/wp-json\/wp\/v2\/types\/product"}],"replies":[{"embeddable":true,"href":"https:\/\/minimumviable.academy\/es\/wp-json\/wp\/v2\/comments?post=2886"}],"wp:featuredmedia":[{"embeddable":true,"href":"https:\/\/minimumviable.academy\/es\/wp-json\/wp\/v2\/media\/2884"}],"wp:attachment":[{"href":"https:\/\/minimumviable.academy\/es\/wp-json\/wp\/v2\/media?parent=2886"}],"wp:term":[{"taxonomy":"product_brand","embeddable":true,"href":"https:\/\/minimumviable.academy\/es\/wp-json\/wp\/v2\/product_brand?post=2886"},{"taxonomy":"product_cat","embeddable":true,"href":"https:\/\/minimumviable.academy\/es\/wp-json\/wp\/v2\/product_cat?post=2886"},{"taxonomy":"product_tag","embeddable":true,"href":"https:\/\/minimumviable.academy\/es\/wp-json\/wp\/v2\/product_tag?post=2886"}],"curies":[{"name":"wp","href":"https:\/\/api.w.org\/{rel}","templated":true}]}}