{"id":2660,"date":"2024-04-15T11:35:25","date_gmt":"2024-04-15T10:35:25","guid":{"rendered":"https:\/\/learn.perma.earth\/?post_type=product&#038;p=2660"},"modified":"2026-05-08T16:47:52","modified_gmt":"2026-05-08T15:47:52","slug":"successful-remote-collaborations","status":"publish","type":"product","link":"https:\/\/minimumviable.academy\/es\/producto\/successful-remote-collaborations\/","title":{"rendered":"\u00c9xito de las colaboraciones a distancia"},"content":{"rendered":"<p>Una mesa redonda de 90 minutos a la que puede acceder en su tiempo libre y que incluye plantillas, recursos y enlaces a art\u00edculos, as\u00ed como las principales conclusiones de la sesi\u00f3n.<\/p>\n<p>Si es miembro del International Permaculture CoLab, utilice el c\u00f3digo para miembros compartido en el canal #minimum-viable-academy al realizar el pago.<\/p>","protected":false},"excerpt":{"rendered":"<p>Una mesa redonda de 90 minutos a la que puede acceder en su tiempo libre y que incluye plantillas, recursos y enlaces a art\u00edculos, as\u00ed como las principales conclusiones de la sesi\u00f3n.<\/p>","protected":false},"featured_media":2617,"comment_status":"open","ping_status":"closed","template":"","meta":{"_acf_changed":false,"_bbp_topic_count":0,"_bbp_reply_count":0,"_bbp_total_topic_count":0,"_bbp_total_reply_count":0,"_bbp_voice_count":0,"_bbp_anonymous_reply_count":0,"_bbp_topic_count_hidden":0,"_bbp_reply_count_hidden":0,"_bbp_forum_subforum_count":0,"_et_pb_use_builder":"","_et_pb_old_content":"","_et_gb_content_width":""},"product_brand":[],"product_cat":[157],"product_tag":[],"class_list":{"0":"post-2660","1":"product","2":"type-product","3":"status-publish","4":"has-post-thumbnail","6":"product_cat-recorded-training","8":"first","9":"instock","10":"downloadable","11":"virtual","12":"taxable","13":"purchasable","14":"product-type-simple"},"acf":[],"_links":{"self":[{"href":"https:\/\/minimumviable.academy\/es\/wp-json\/wp\/v2\/product\/2660","targetHints":{"allow":["GET"]}}],"collection":[{"href":"https:\/\/minimumviable.academy\/es\/wp-json\/wp\/v2\/product"}],"about":[{"href":"https:\/\/minimumviable.academy\/es\/wp-json\/wp\/v2\/types\/product"}],"replies":[{"embeddable":true,"href":"https:\/\/minimumviable.academy\/es\/wp-json\/wp\/v2\/comments?post=2660"}],"wp:featuredmedia":[{"embeddable":true,"href":"https:\/\/minimumviable.academy\/es\/wp-json\/wp\/v2\/media\/2617"}],"wp:attachment":[{"href":"https:\/\/minimumviable.academy\/es\/wp-json\/wp\/v2\/media?parent=2660"}],"wp:term":[{"taxonomy":"product_brand","embeddable":true,"href":"https:\/\/minimumviable.academy\/es\/wp-json\/wp\/v2\/product_brand?post=2660"},{"taxonomy":"product_cat","embeddable":true,"href":"https:\/\/minimumviable.academy\/es\/wp-json\/wp\/v2\/product_cat?post=2660"},{"taxonomy":"product_tag","embeddable":true,"href":"https:\/\/minimumviable.academy\/es\/wp-json\/wp\/v2\/product_tag?post=2660"}],"curies":[{"name":"wp","href":"https:\/\/api.w.org\/{rel}","templated":true}]}}