{"id":295,"date":"2022-10-06T13:30:11","date_gmt":"2022-10-06T12:30:11","guid":{"rendered":"https:\/\/learn.perma.earth\/?page_id=295"},"modified":"2022-10-18T14:00:53","modified_gmt":"2022-10-18T13:00:53","slug":"wisecrowds","status":"publish","type":"page","link":"https:\/\/minimumviable.academy\/es\/wisecrowds\/","title":{"rendered":"Wise Crowds: por unas pr\u00e1cticas empresariales regeneradoras"},"content":{"rendered":"<figure class=\"wp-block-image size-large\"><img loading=\"lazy\" decoding=\"async\" width=\"1024\" height=\"576\" src=\"https:\/\/minimumviable.academy\/wp-content\/uploads\/2022\/10\/Wise-crowds-for-generative-business-practices2-1024x576.jpg\" alt=\"\" class=\"wp-image-366\" srcset=\"https:\/\/minimumviable.academy\/wp-content\/uploads\/2022\/10\/Wise-crowds-for-generative-business-practices2-1024x576.jpg 1024w, https:\/\/minimumviable.academy\/wp-content\/uploads\/2022\/10\/Wise-crowds-for-generative-business-practices2-600x338.jpg 600w, https:\/\/minimumviable.academy\/wp-content\/uploads\/2022\/10\/Wise-crowds-for-generative-business-practices2-300x169.jpg 300w, https:\/\/minimumviable.academy\/wp-content\/uploads\/2022\/10\/Wise-crowds-for-generative-business-practices2-768x432.jpg 768w, https:\/\/minimumviable.academy\/wp-content\/uploads\/2022\/10\/Wise-crowds-for-generative-business-practices2-1536x864.jpg 1536w, https:\/\/minimumviable.academy\/wp-content\/uploads\/2022\/10\/Wise-crowds-for-generative-business-practices2-18x10.jpg 18w, https:\/\/minimumviable.academy\/wp-content\/uploads\/2022\/10\/Wise-crowds-for-generative-business-practices2-1320x743.jpg 1320w, https:\/\/minimumviable.academy\/wp-content\/uploads\/2022\/10\/Wise-crowds-for-generative-business-practices2.jpg 1920w\" sizes=\"(max-width: 1024px) 100vw, 1024px\" \/><\/figure>\n\n\n\n<h4 class=\"wp-block-heading\">Fechas y horarios<\/h4>\n\n\n\n<ul class=\"wp-block-list\"><li>Viernes 21 de octubre de 2022 - 14:00 - 17:00 UTC - <a rel=\"noreferrer noopener\" href=\"https:\/\/everytimezone.com\/s\/631280ce\" data-type=\"URL\" data-id=\"https:\/\/everytimezone.com\/s\/631280ce\" target=\"_blank\">Hora de inicio en su zona horaria<\/a><\/li><li>Mi\u00e9rcoles 26 de octubre de 2022 - 14:30 - 17:30 UTC - <a href=\"https:\/\/everytimezone.com\/s\/6f37e24c\" data-type=\"URL\" data-id=\"https:\/\/everytimezone.com\/s\/6f37e24c\" target=\"_blank\" rel=\"noreferrer noopener\">Hora de inicio en su zona horaria<\/a><\/li><\/ul>\n\n\n\n<h4 class=\"wp-block-heading\">Descripci\u00f3n<\/h4>\n\n\n\n<p>Le invitamos a participar en una sesi\u00f3n de Wise Crowds sobre pr\u00e1cticas empresariales regenerativas.<\/p>\n\n\n\n<p>Utilizaremos una pr\u00e1ctica de Estructuras liberadoras <a href=\"https:\/\/www.liberatingstructures.com\/13-wise-crowds\/\">Multitudes sabias<\/a>. Todos los miembros del CoLab y de la comunidad aliada est\u00e1n invitados a participar. Si desea invitar a otras personas que puedan estar interesadas en este trabajo, h\u00e1galo.&nbsp;<\/p>\n\n\n\n<p>Estas sesiones son perfectas para startups, aut\u00f3nomos, microempresas, colectivos y empresas interesadas en procesos participativos.<\/p>\n\n\n\n<p>Traiga sus pr\u00e1cticas empresariales, ideas, experimentos y experiencias y sum\u00e9rjase en la sabidur\u00eda colectiva de la multitud para mejorarlas.<\/p>\n\n\n\n<p>Al inscribirse, recibir\u00e1 un correo electr\u00f3nico con el enlace de zoom y algunos materiales de lectura ligera.<\/p>\n\n\n\n<div class=\"wp-block-columns is-layout-flex wp-container-core-columns-is-layout-9d6595d7 wp-block-columns-is-layout-flex\">\n<div class=\"wp-block-column is-layout-flow wp-block-column-is-layout-flow\" style=\"flex-basis:66.66%\">\n<p>Este programa est\u00e1 financiado por el proyecto \"Capacidad Plus\" de la Comisi\u00f3n Europea. <a rel=\"noreferrer noopener\" href=\"https:\/\/minimumviable.academy\/es\/\" target=\"_blank\">Laboratorio Internacional de Permacultura<\/a> e impartido por miembros de la Academia de Viabilidad M\u00ednima - <a href=\"https:\/\/www.linkedin.com\/in\/jyo-maan\/\" target=\"_blank\" rel=\"noreferrer noopener\">Jyo Maan<\/a>, <a href=\"https:\/\/www.linkedin.com\/in\/aimee-fenech\/\" target=\"_blank\" rel=\"noreferrer noopener\">Aimee Fenech<\/a> &amp; <a href=\"https:\/\/www.linkedin.com\/in\/stefan-morales-a336ab10\/\" target=\"_blank\" rel=\"noreferrer noopener\">Stefan Morales<\/a> &amp; <a href=\"https:\/\/www.linkedin.com\/in\/nmaljkovic\/\" data-type=\"URL\" data-id=\"https:\/\/www.linkedin.com\/in\/nmaljkovic\/\" target=\"_blank\" rel=\"noreferrer noopener\">Nenad Maljkovi\u0107<\/a><\/p>\n\n\n\n<p><a rel=\"noreferrer noopener\" href=\"https:\/\/opencollective.com\/the-digital-circle\/projects\/mva\/donate\" data-type=\"URL\" data-id=\"https:\/\/opencollective.com\/the-digital-circle\/projects\/mva\/donate\" target=\"_blank\">Haga un donativo para apoyar nuestro trabajo.<\/a><\/p>\n\n\n<\/div>\n\n\n\n<div class=\"wp-block-column is-layout-flow wp-block-column-is-layout-flow\" style=\"flex-basis:33.33%\">\n<figure class=\"wp-block-image size-full\"><img loading=\"lazy\" decoding=\"async\" width=\"500\" height=\"500\" src=\"https:\/\/minimumviable.academy\/wp-content\/uploads\/2022\/08\/MVA-Draft-logos.png\" alt=\"\" class=\"wp-image-142\" srcset=\"https:\/\/minimumviable.academy\/wp-content\/uploads\/2022\/08\/MVA-Draft-logos.png 500w, https:\/\/minimumviable.academy\/wp-content\/uploads\/2022\/08\/MVA-Draft-logos-300x300.png 300w, https:\/\/minimumviable.academy\/wp-content\/uploads\/2022\/08\/MVA-Draft-logos-100x100.png 100w, https:\/\/minimumviable.academy\/wp-content\/uploads\/2022\/08\/MVA-Draft-logos-150x150.png 150w, https:\/\/minimumviable.academy\/wp-content\/uploads\/2022\/08\/MVA-Draft-logos-12x12.png 12w\" sizes=\"(max-width: 500px) 100vw, 500px\" \/><\/figure>\n<\/div>\n<\/div>","protected":false},"excerpt":{"rendered":"<p>Dates &amp; Times Friday 21st October 2022 &#8211; 14:00 &#8211; 17:00 UTC &#8211; Start time in your timezone Wednesday 26th October 2022 &#8211; 14:30 &#8211; 17:30 UTC &#8211; Start time in your timezone Description You are invited to participate in a Wise Crowds session for regenerative business practices. We will be using a practice from [&hellip;]<\/p>\n","protected":false},"author":33,"featured_media":0,"parent":0,"menu_order":0,"comment_status":"closed","ping_status":"closed","template":"","meta":{"_acf_changed":false,"_bbp_topic_count":0,"_bbp_reply_count":0,"_bbp_total_topic_count":0,"_bbp_total_reply_count":0,"_bbp_voice_count":0,"_bbp_anonymous_reply_count":0,"_bbp_topic_count_hidden":0,"_bbp_reply_count_hidden":0,"_bbp_forum_subforum_count":0,"_et_pb_use_builder":"","_et_pb_old_content":"","_et_gb_content_width":"","footnotes":""},"class_list":["post-295","page","type-page","status-publish","hentry"],"acf":[],"amp_enabled":true,"_links":{"self":[{"href":"https:\/\/minimumviable.academy\/es\/wp-json\/wp\/v2\/pages\/295","targetHints":{"allow":["GET"]}}],"collection":[{"href":"https:\/\/minimumviable.academy\/es\/wp-json\/wp\/v2\/pages"}],"about":[{"href":"https:\/\/minimumviable.academy\/es\/wp-json\/wp\/v2\/types\/page"}],"author":[{"embeddable":true,"href":"https:\/\/minimumviable.academy\/es\/wp-json\/wp\/v2\/users\/33"}],"replies":[{"embeddable":true,"href":"https:\/\/minimumviable.academy\/es\/wp-json\/wp\/v2\/comments?post=295"}],"version-history":[{"count":6,"href":"https:\/\/minimumviable.academy\/es\/wp-json\/wp\/v2\/pages\/295\/revisions"}],"predecessor-version":[{"id":378,"href":"https:\/\/minimumviable.academy\/es\/wp-json\/wp\/v2\/pages\/295\/revisions\/378"}],"wp:attachment":[{"href":"https:\/\/minimumviable.academy\/es\/wp-json\/wp\/v2\/media?parent=295"}],"curies":[{"name":"wp","href":"https:\/\/api.w.org\/{rel}","templated":true}]}}