{"id":3358,"date":"2026-04-04T15:04:57","date_gmt":"2026-04-04T14:04:57","guid":{"rendered":"https:\/\/minimumviable.academy\/?post_type=product&#038;p=3358"},"modified":"2026-04-12T13:48:27","modified_gmt":"2026-04-12T12:48:27","slug":"introduction-to-permaculture-10-hour-course-october","status":"publish","type":"product","link":"https:\/\/minimumviable.academy\/de\/produkt\/introduction-to-permaculture-10-hour-course-october\/","title":{"rendered":"Introduction to Permaculture &#8211; 10 hour course (October)"},"content":{"rendered":"<p>Permakultur ist mehr als nur Gartenarbeit - sie bietet eine Art des Seins, Denkens, der Beziehung und der Gestaltung, die Folgendes f\u00f6rdert\u00a0<strong>Zusammenarbeit, Ko-Kreation und Verkn\u00fcpfung<\/strong>\u00a0\u00fcber verschiedene Bereiche und Perspektiven hinweg. Dieser interaktive Kurs mit 3 zweist\u00fcndigen Sitzungen f\u00fchrt ein in\u00a0<strong>Permakultur-Ethik, Prinzipien, Systemdenken und ein praktischer Gestaltungsrahmen<\/strong>, Die Teilnehmer werden mit den Werkzeugen ausgestattet, die sie ben\u00f6tigen, um sinnvolle Gestaltungsprozesse zum Nutzen ihrer \u00d6kosysteme durchzuf\u00fchren. In jeder Sitzung werden verschiedene grundlegende Aspekte der Permakultur behandelt, um Ihnen eine gemeinsame Sprache f\u00fcr die Zusammenarbeit und Kommunikation mit anderen Permakultur-Praktikern innerhalb der Permakultur-Bewegung zu vermitteln. Nach diesem Kurs k\u00f6nnen Sie mit dem Permakultur Design Zertifikat fortfahren, wenn Sie Ihre Studien vertiefen m\u00f6chten. Dieser Kurs ist zertifiziert von der <a href=\"https:\/\/perma.earth\/\">Internationales Permakultur CoLab<\/a> durch einen Peer-Review-Prozess.<\/p>","protected":false},"excerpt":{"rendered":"<p>Permakultur ist mehr als nur Gartenarbeit. Sie bietet eine Lebensweise, Denkweise und Gestaltungsweise, die Zusammenarbeit, gemeinsame Sch\u00f6pfung und Vernetzung \u00fcber verschiedene Bereiche hinweg f\u00f6rdert. Dieser interaktive Kurs erstreckt sich \u00fcber <strong>drei zweist\u00fcndige Sitzungen<\/strong> und 4 Stunden Sch\u00fclerarbeiten, die das Thema <strong>Ethik, Prinzipien, Systemdenken<\/strong> und ein <strong>praktischer Entwurfsrahmen<\/strong> der Permakultur. Sie erwerben Werkzeuge, um an sinnvollen Gestaltungsprozessen teilzunehmen, die sowohl den Menschen als auch den \u00d6kosystemen zugutekommen.<\/p>\n<p>Der Kurs schafft eine gemeinsame Sprache f\u00fcr die projekt\u00fcbergreifende Zusammenarbeit in der Permakultur-Bewegung und bereitet Sie darauf vor, Ihren Weg in Richtung einer <strong>Zertifikat f\u00fcr Permakultur-Design<\/strong> wenn Sie Ihr Studium vertiefen m\u00f6chten.<\/p>","protected":false},"featured_media":3359,"comment_status":"open","ping_status":"closed","template":"","meta":{"_acf_changed":false,"_bbp_topic_count":0,"_bbp_reply_count":0,"_bbp_total_topic_count":0,"_bbp_total_reply_count":0,"_bbp_voice_count":0,"_bbp_anonymous_reply_count":0,"_bbp_topic_count_hidden":0,"_bbp_reply_count_hidden":0,"_bbp_forum_subforum_count":0,"_et_pb_use_builder":"off","_et_pb_old_content":"Permaculture is more than just gardening \u2013 it offers a way of being, thinking, relating and designing that fosters\u00a0<strong>collaboration, co-creation, and interconnection<\/strong>\u00a0across diverse domains and perspectives. This interactive 3 two-hour sessions course introduces\u00a0<strong>permaculture ethics, principles, systems thinking and a practical design framework<\/strong>, equipping participants with the tools to engage in meaningful design processes that benefit their ecosystems.\r\n\r\nEach session will explore different fundamental aspects of permaculture to give you a shared language to collaborate and communicate with other permaculture practitioners within the permaculture movement.\r\n\r\nFrom this course you will be able to continue on to the Permaculture Design Certificate if you want to deepen your studies. This course is co-produced and peer-reviewed by Certified Permaculture Diploma holders.\r\n\r\nThis course is certified by the\u00a0<a href=\"https:\/\/perma.earth\/\">International Permaculture CoLab<\/a> through a peer review process.","_et_gb_content_width":""},"product_brand":[],"product_cat":[158,214],"product_tag":[],"class_list":{"0":"post-3358","1":"product","2":"type-product","3":"status-publish","4":"has-post-thumbnail","6":"product_cat-online-session","7":"product_cat-permaculture-training","9":"first","10":"instock","11":"downloadable","12":"virtual","13":"taxable","14":"purchasable","15":"product-type-simple"},"acf":[],"_links":{"self":[{"href":"https:\/\/minimumviable.academy\/de\/wp-json\/wp\/v2\/product\/3358","targetHints":{"allow":["GET"]}}],"collection":[{"href":"https:\/\/minimumviable.academy\/de\/wp-json\/wp\/v2\/product"}],"about":[{"href":"https:\/\/minimumviable.academy\/de\/wp-json\/wp\/v2\/types\/product"}],"replies":[{"embeddable":true,"href":"https:\/\/minimumviable.academy\/de\/wp-json\/wp\/v2\/comments?post=3358"}],"wp:featuredmedia":[{"embeddable":true,"href":"https:\/\/minimumviable.academy\/de\/wp-json\/wp\/v2\/media\/3359"}],"wp:attachment":[{"href":"https:\/\/minimumviable.academy\/de\/wp-json\/wp\/v2\/media?parent=3358"}],"wp:term":[{"taxonomy":"product_brand","embeddable":true,"href":"https:\/\/minimumviable.academy\/de\/wp-json\/wp\/v2\/product_brand?post=3358"},{"taxonomy":"product_cat","embeddable":true,"href":"https:\/\/minimumviable.academy\/de\/wp-json\/wp\/v2\/product_cat?post=3358"},{"taxonomy":"product_tag","embeddable":true,"href":"https:\/\/minimumviable.academy\/de\/wp-json\/wp\/v2\/product_tag?post=3358"}],"curies":[{"name":"wp","href":"https:\/\/api.w.org\/{rel}","templated":true}]}}