{"id":2948,"date":"2025-03-25T21:52:21","date_gmt":"2025-03-25T21:52:21","guid":{"rendered":"https:\/\/learn.perma.earth\/?post_type=product&#038;p=2948"},"modified":"2025-11-03T10:44:23","modified_gmt":"2025-11-03T10:44:23","slug":"network-weaving-practices-and-processes-for-international-permaculture-colab-members","status":"publish","type":"product","link":"https:\/\/minimumviable.academy\/de\/produkt\/network-weaving-practices-and-processes-for-international-permaculture-colab-members\/","title":{"rendered":"Praktiken und Prozesse des Netzwerkwebens f\u00fcr Mitglieder des International Permaculture CoLab"},"content":{"rendered":"<div id=\"meta-origin\" data-coolorigin=\"https%3A%2F%2Fcollabora.collective.tools%2Fcool%2Fclipboard%3FWOPISrc%3Dhttps%253A%252F%252Fcloud.perma.earth%252Findex.php%252Fapps%252Frichdocuments%252Fwopi%252Ffiles%252F726807_ocrwh2195e7x%26ServerId%3D38679fca%26ViewId%3D9%26Tag%3D694f1f3b4153c8dc\">\n<div id=\"meta-origin\" data-coolorigin=\"https%3A%2F%2Fcollabora.collective.tools%2Fcool%2Fclipboard%3FWOPISrc%3Dhttps%253A%252F%252Fcloud.perma.earth%252Findex.php%252Fapps%252Frichdocuments%252Fwopi%252Ffiles%252F726807_ocrwh2195e7x%26ServerId%3D38679fca%26ViewId%3D9%26Tag%3D694f1f3b4153c8dc\">\n<p align=\"left\"><b>Mi 15. Oktober 16:00 - 17:30 CET<\/b><\/p>\n<\/div>\n<p>Wie wachsen und erhalten sich florierende Netzwerke? Welche Praktiken helfen, Vertrauen aufzubauen, die Zusammenarbeit zu f\u00f6rdern und dauerhafte Verbindungen zu schaffen?<\/p>\n<p>Nehmen Sie an einer interaktiven Sitzung teil, bei der erfahrene <strong>Netzweber<\/strong> werden ihre Einsichten, Ans\u00e4tze und Erfahrungen bei der Schaffung starker, widerstandsf\u00e4higer Gemeinschaften weitergeben. Dies ist die Gelegenheit f\u00fcr Sie <strong>Fragen stellen, Ideen erkunden und neugierig werden<\/strong> \u00fcber alles, was mit dem Weben von Netzwerken zu tun hat - wie es funktioniert, warum es wichtig ist und wie wir diese Praktiken in der Praxis anwenden k\u00f6nnen <strong>CoLab<\/strong>.<\/p>\n<p>Ganz gleich, ob Sie neu in der Netzwerkarbeit sind oder Ihre Kenntnisse vertiefen m\u00f6chten, diese Sitzung bietet Ihnen die M\u00f6glichkeit, zu lernen, Ideen auszutauschen und zu erkunden, wie wir CoLab gemeinsam st\u00e4rken k\u00f6nnen.<\/p>\n<p>Kommen Sie mit Ihrer Neugierde und lassen Sie uns in die Kunst des Netzwebens eintauchen!<\/p>\n<div class=\"et_pb_module et_pb_wc_description et_pb_wc_description_0 et_pb_bg_layout_light et_pb_text_align_left\">\n<div class=\"et_pb_module_inner\">\n<p>Dieses Webinar wird finanziert durch das <a href=\"https:\/\/minimumviable.academy\/de\/project\/next-steps-project\/\">N\u00e4chste Schritte Projekt<\/a> durch die <a href=\"https:\/\/minimumviable.academy\/de\/\">Internationales Permakultur CoLab<\/a>.<\/p>\n<\/div>\n<\/div>\n<\/div>","protected":false},"excerpt":{"rendered":"<p>Ganz gleich, ob Sie neu in der Netzwerkarbeit sind oder Ihre Kenntnisse vertiefen m\u00f6chten, diese Sitzung bietet Ihnen die M\u00f6glichkeit, zu lernen, Ideen auszutauschen und zu erkunden, wie wir CoLab gemeinsam st\u00e4rken k\u00f6nnen.<\/p>","protected":false},"featured_media":2959,"comment_status":"open","ping_status":"closed","template":"","meta":{"_acf_changed":false,"_bbp_topic_count":0,"_bbp_reply_count":0,"_bbp_total_topic_count":0,"_bbp_total_reply_count":0,"_bbp_voice_count":0,"_bbp_anonymous_reply_count":0,"_bbp_topic_count_hidden":0,"_bbp_reply_count_hidden":0,"_bbp_forum_subforum_count":0,"_et_pb_use_builder":"","_et_pb_old_content":"","_et_gb_content_width":""},"product_brand":[],"product_cat":[158],"product_tag":[],"class_list":{"0":"post-2948","1":"product","2":"type-product","3":"status-publish","4":"has-post-thumbnail","6":"product_cat-online-session","8":"first","9":"instock","10":"downloadable","11":"virtual","12":"taxable","13":"purchasable","14":"product-type-simple"},"acf":[],"_links":{"self":[{"href":"https:\/\/minimumviable.academy\/de\/wp-json\/wp\/v2\/product\/2948","targetHints":{"allow":["GET"]}}],"collection":[{"href":"https:\/\/minimumviable.academy\/de\/wp-json\/wp\/v2\/product"}],"about":[{"href":"https:\/\/minimumviable.academy\/de\/wp-json\/wp\/v2\/types\/product"}],"replies":[{"embeddable":true,"href":"https:\/\/minimumviable.academy\/de\/wp-json\/wp\/v2\/comments?post=2948"}],"wp:featuredmedia":[{"embeddable":true,"href":"https:\/\/minimumviable.academy\/de\/wp-json\/wp\/v2\/media\/2959"}],"wp:attachment":[{"href":"https:\/\/minimumviable.academy\/de\/wp-json\/wp\/v2\/media?parent=2948"}],"wp:term":[{"taxonomy":"product_brand","embeddable":true,"href":"https:\/\/minimumviable.academy\/de\/wp-json\/wp\/v2\/product_brand?post=2948"},{"taxonomy":"product_cat","embeddable":true,"href":"https:\/\/minimumviable.academy\/de\/wp-json\/wp\/v2\/product_cat?post=2948"},{"taxonomy":"product_tag","embeddable":true,"href":"https:\/\/minimumviable.academy\/de\/wp-json\/wp\/v2\/product_tag?post=2948"}],"curies":[{"name":"wp","href":"https:\/\/api.w.org\/{rel}","templated":true}]}}