{"id":2947,"date":"2025-03-25T21:49:28","date_gmt":"2025-03-25T21:49:28","guid":{"rendered":"https:\/\/learn.perma.earth\/?post_type=product&#038;p=2947"},"modified":"2025-07-01T15:20:10","modified_gmt":"2025-07-01T14:20:10","slug":"how-to-be-a-community-member-of-a-thriving-resilient-online-space","status":"publish","type":"product","link":"https:\/\/minimumviable.academy\/de\/produkt\/how-to-be-a-community-member-of-a-thriving-resilient-online-space\/","title":{"rendered":"Wie man Mitglied einer Gemeinschaft in einem florierenden, widerstandsf\u00e4higen Online-Raum wird"},"content":{"rendered":"<div id=\"meta-origin\" data-coolorigin=\"https%3A%2F%2Fcollabora.collective.tools%2Fcool%2Fclipboard%3FWOPISrc%3Dhttps%253A%252F%252Fcloud.perma.earth%252Findex.php%252Fapps%252Frichdocuments%252Fwopi%252Ffiles%252F726807_ocrwh2195e7x%26ServerId%3D38679fca%26ViewId%3D9%26Tag%3D16fbee5940f5a39e\">\n<div id=\"meta-origin\" data-coolorigin=\"https%3A%2F%2Fcollabora.collective.tools%2Fcool%2Fclipboard%3FWOPISrc%3Dhttps%253A%252F%252Fcloud.perma.earth%252Findex.php%252Fapps%252Frichdocuments%252Fwopi%252Ffiles%252F726807_ocrwh2195e7x%26ServerId%3D38679fca%26ViewId%3D9%26Tag%3D6bd2cfca74d87888\">\n<p align=\"left\"><b>15. Juli - 16:00 - 17:30 MEZ<\/b><\/p>\n<\/div>\n<p>Online-Gemeinschaften bringen sowohl Einschr\u00e4nkungen als auch Chancen mit sich - sie k\u00f6nnen das sein, was Sie aus ihnen machen. Um ein engagiertes Mitglied zu werden, muss man zun\u00e4chst die Mission, die Vision und die Arbeitsweise der Gemeinschaft verstehen. Es geht darum, durch Erfahrung zu lernen, wie man sich in dem Raum zurechtfindet, die Tools f\u00fcr die Zusammenarbeit effektiv nutzt und sinnvolle Verbindungen eingeht.<\/p>\n<p>In diesem Workshop gehen wir der Frage nach, was es in der Praxis bedeutet, Teil einer bl\u00fchenden, widerstandsf\u00e4higen Online-Community zu sein. Durch die Besch\u00e4ftigung mit der <strong>CoLab<\/strong>erhalten Sie Einblicke in die Funktionsweise von Online-R\u00e4umen, entwickeln F\u00e4higkeiten f\u00fcr die Zusammenarbeit aus der Ferne und erfahren, wie Sie sich einbringen und gleichzeitig Unterst\u00fctzung erhalten k\u00f6nnen. Diese Erkenntnisse gelten nicht nur f\u00fcr CoLab - sie werden Ihnen helfen, sich effektiver in anderen Netzwerken und Gemeinschaften zu engagieren. Je mehr Sie diesen Muskel st\u00e4rken, desto einfacher wird es, sich anzupassen und in Online-R\u00e4umen erfolgreich zu sein.<\/p>\n<p>Entdecken Sie mit uns, wie CoLab Sie in Ihrem kritischen Denken, Ihrer Entscheidungsfindung und Ihrem kollektiven Handeln unterst\u00fctzen kann!<\/p>\n<div class=\"et_pb_module et_pb_wc_description et_pb_wc_description_0 et_pb_bg_layout_light et_pb_text_align_left\">\n<div class=\"et_pb_module_inner\">\n<p>Dieser Workshop wird finanziert durch das <a href=\"https:\/\/minimumviable.academy\/de\/project\/next-steps-project\/\">N\u00e4chste Schritte Projekt<\/a> durch die <a href=\"https:\/\/minimumviable.academy\/de\/\">Internationales Permakultur CoLab<\/a>.<\/p>\n<\/div>\n<\/div>\n<\/div>","protected":false},"excerpt":{"rendered":"<p>Online-Gemeinschaften bringen sowohl Einschr\u00e4nkungen als auch Chancen mit sich - sie k\u00f6nnen das sein, was Sie aus ihnen machen. Um ein engagiertes Mitglied zu werden, muss man zun\u00e4chst die Mission, die Vision und die Arbeitsweise der Gemeinschaft verstehen. Es geht darum, durch Erfahrung zu lernen, wie man sich in dem Raum zurechtfindet, die Tools f\u00fcr die Zusammenarbeit effektiv nutzt und sinnvolle Verbindungen eingeht.<\/p>","protected":false},"featured_media":2955,"comment_status":"open","ping_status":"closed","template":"","meta":{"_acf_changed":false,"_bbp_topic_count":0,"_bbp_reply_count":0,"_bbp_total_topic_count":0,"_bbp_total_reply_count":0,"_bbp_voice_count":0,"_bbp_anonymous_reply_count":0,"_bbp_topic_count_hidden":0,"_bbp_reply_count_hidden":0,"_bbp_forum_subforum_count":0,"_et_pb_use_builder":"","_et_pb_old_content":"","_et_gb_content_width":""},"product_brand":[],"product_cat":[158],"product_tag":[],"class_list":{"0":"post-2947","1":"product","2":"type-product","3":"status-publish","4":"has-post-thumbnail","6":"product_cat-online-session","8":"first","9":"instock","10":"downloadable","11":"virtual","12":"taxable","13":"purchasable","14":"product-type-simple"},"acf":[],"_links":{"self":[{"href":"https:\/\/minimumviable.academy\/de\/wp-json\/wp\/v2\/product\/2947","targetHints":{"allow":["GET"]}}],"collection":[{"href":"https:\/\/minimumviable.academy\/de\/wp-json\/wp\/v2\/product"}],"about":[{"href":"https:\/\/minimumviable.academy\/de\/wp-json\/wp\/v2\/types\/product"}],"replies":[{"embeddable":true,"href":"https:\/\/minimumviable.academy\/de\/wp-json\/wp\/v2\/comments?post=2947"}],"wp:featuredmedia":[{"embeddable":true,"href":"https:\/\/minimumviable.academy\/de\/wp-json\/wp\/v2\/media\/2955"}],"wp:attachment":[{"href":"https:\/\/minimumviable.academy\/de\/wp-json\/wp\/v2\/media?parent=2947"}],"wp:term":[{"taxonomy":"product_brand","embeddable":true,"href":"https:\/\/minimumviable.academy\/de\/wp-json\/wp\/v2\/product_brand?post=2947"},{"taxonomy":"product_cat","embeddable":true,"href":"https:\/\/minimumviable.academy\/de\/wp-json\/wp\/v2\/product_cat?post=2947"},{"taxonomy":"product_tag","embeddable":true,"href":"https:\/\/minimumviable.academy\/de\/wp-json\/wp\/v2\/product_tag?post=2947"}],"curies":[{"name":"wp","href":"https:\/\/api.w.org\/{rel}","templated":true}]}}