{"id":2946,"date":"2025-03-25T21:47:41","date_gmt":"2025-03-25T21:47:41","guid":{"rendered":"https:\/\/learn.perma.earth\/?post_type=product&#038;p=2946"},"modified":"2026-02-03T12:09:21","modified_gmt":"2026-02-03T12:09:21","slug":"ethical-marketing","status":"publish","type":"product","link":"https:\/\/minimumviable.academy\/de\/produkt\/ethical-marketing\/","title":{"rendered":"Ethische Marketinggrundlagen f\u00fcr regenerative Projekte"},"content":{"rendered":"<div id=\"meta-origin\" data-coolorigin=\"https%3A%2F%2Fcollabora.collective.tools%2Fcool%2Fclipboard%3FWOPISrc%3Dhttps%253A%252F%252Fcloud.perma.earth%252Findex.php%252Fapps%252Frichdocuments%252Fwopi%252Ffiles%252F726807_ocrwh2195e7x%26ServerId%3D38679fca%26ViewId%3D9%26Tag%3D13e30830cb761b0f\">\n<div id=\"meta-origin\" data-coolorigin=\"https%3A%2F%2Fcollabora.collective.tools%2Fcool%2Fclipboard%3FWOPISrc%3Dhttps%253A%252F%252Fcloud.perma.earth%252Findex.php%252Fapps%252Frichdocuments%252Fwopi%252Ffiles%252F726807_ocrwh2195e7x%26ServerId%3D38679fca%26ViewId%3D9%26Tag%3D609852b41cf3ddad\">\n<p align=\"left\"><b>28. Mai - 16:00 MEZ - 17:30 MEZ (Teil 1) -<a href=\"http:\/\/bit.ly\/time4ethicalmarketing2025\" target=\"_blank\" rel=\"noopener\"> \u00dcberpr\u00fcfen Sie hier die Zeit in Ihrer Zeitzone<\/a><\/b><\/p>\n<\/div>\n<div id=\"meta-origin\" data-coolorigin=\"https%3A%2F%2Fcollabora.collective.tools%2Fcool%2Fclipboard%3FWOPISrc%3Dhttps%253A%252F%252Fcloud.perma.earth%252Findex.php%252Fapps%252Frichdocuments%252Fwopi%252Ffiles%252F726807_ocrwh2195e7x%26ServerId%3D5c80c416%26ViewId%3D4%26Tag%3D89541cb0938122cb\">\n<p align=\"left\"><strong>\ud83c\udf31 Teil 1 - Ethische Marketinggrundlagen f\u00fcr regenerative Projekte<\/strong><br \/>\nIn dieser Einf\u00fchrungsveranstaltung werden wir die Grundlagen des ethischen Marketings f\u00fcr regenerative und Permakulturprojekte erkunden. Sie werden lernen, wie Sie Ihren Zweck klar kommunizieren, Ihr Publikum verstehen und eine Botschaft aufbauen, die auf gro\u00dfe Resonanz st\u00f6\u00dft - ohne sich auf ausbeuterische Taktiken zu verlassen. Dieser Kurs richtet sich an Changemaker und bietet eine erfrischende Alternative zu traditionellen Marketing-Ratschl\u00e4gen, indem er Kommunikationsstrategien mit Permakultur-Prinzipien in Einklang bringt.<\/p>\n<p>Wenn Sie lernen wollen, wie eine Blume zu vermarkten, wie eine Hummel gute Nachrichten zu verbreiten und Ihr Publikum wie ein Myzel zu verstehen, dann ist dies der richtige Ort f\u00fcr Sie! Erwarten Sie Klarheit, Einsicht und Inspiration, um die Art und Weise, wie Sie Ihre Geschichte erz\u00e4hlen, neu zu gestalten.<\/p>\n<\/div>\n<p align=\"left\">Dies ist eine zweiteilige Veranstaltung. Der zweite Teil wird zu gegebener Zeit angek\u00fcndigt.<\/p>\n<p align=\"left\">Dieser Workshop wird finanziert durch das <a href=\"https:\/\/minimumviable.academy\/de\/project\/next-steps-project\/\">N\u00e4chste Schritte Projekt<\/a> durch die <a href=\"https:\/\/minimumviable.academy\/de\/\">Internationales Permakultur CoLab<\/a>.<\/p>\n<\/div>","protected":false},"excerpt":{"rendered":"<div id=\"meta-origin\" data-coolorigin=\"https%3A%2F%2Fcollabora.collective.tools%2Fcool%2Fclipboard%3FWOPISrc%3Dhttps%253A%252F%252Fcloud.perma.earth%252Findex.php%252Fapps%252Frichdocuments%252Fwopi%252Ffiles%252F726807_ocrwh2195e7x%26ServerId%3D5c80c416%26ViewId%3D4%26Tag%3D89541cb0938122cb\">\n<p align=\"left\">In diesem Workshop sollen die M\u00f6glichkeiten erkundet werden, wie wir <i><b>uns und unsere Projekte auf ethische und wirksame Weise zu vermarkten, um unsere Botschaft und unsere Gemeinschaften zu st\u00e4rken.<\/b><\/i><\/p>\n<\/div>","protected":false},"featured_media":2970,"comment_status":"open","ping_status":"closed","template":"","meta":{"_acf_changed":false,"_bbp_topic_count":0,"_bbp_reply_count":0,"_bbp_total_topic_count":0,"_bbp_total_reply_count":0,"_bbp_voice_count":0,"_bbp_anonymous_reply_count":0,"_bbp_topic_count_hidden":0,"_bbp_reply_count_hidden":0,"_bbp_forum_subforum_count":0,"_et_pb_use_builder":"","_et_pb_old_content":"","_et_gb_content_width":""},"product_brand":[],"product_cat":[158],"product_tag":[],"class_list":{"0":"post-2946","1":"product","2":"type-product","3":"status-publish","4":"has-post-thumbnail","6":"product_cat-online-session","8":"first","9":"instock","10":"downloadable","11":"virtual","12":"taxable","13":"purchasable","14":"product-type-simple"},"acf":[],"_links":{"self":[{"href":"https:\/\/minimumviable.academy\/de\/wp-json\/wp\/v2\/product\/2946","targetHints":{"allow":["GET"]}}],"collection":[{"href":"https:\/\/minimumviable.academy\/de\/wp-json\/wp\/v2\/product"}],"about":[{"href":"https:\/\/minimumviable.academy\/de\/wp-json\/wp\/v2\/types\/product"}],"replies":[{"embeddable":true,"href":"https:\/\/minimumviable.academy\/de\/wp-json\/wp\/v2\/comments?post=2946"}],"wp:featuredmedia":[{"embeddable":true,"href":"https:\/\/minimumviable.academy\/de\/wp-json\/wp\/v2\/media\/2970"}],"wp:attachment":[{"href":"https:\/\/minimumviable.academy\/de\/wp-json\/wp\/v2\/media?parent=2946"}],"wp:term":[{"taxonomy":"product_brand","embeddable":true,"href":"https:\/\/minimumviable.academy\/de\/wp-json\/wp\/v2\/product_brand?post=2946"},{"taxonomy":"product_cat","embeddable":true,"href":"https:\/\/minimumviable.academy\/de\/wp-json\/wp\/v2\/product_cat?post=2946"},{"taxonomy":"product_tag","embeddable":true,"href":"https:\/\/minimumviable.academy\/de\/wp-json\/wp\/v2\/product_tag?post=2946"}],"curies":[{"name":"wp","href":"https:\/\/api.w.org\/{rel}","templated":true}]}}