{"id":2886,"date":"2024-08-01T17:18:50","date_gmt":"2024-08-01T16:18:50","guid":{"rendered":"https:\/\/learn.perma.earth\/?post_type=product&#038;p=2886"},"modified":"2025-05-06T17:41:27","modified_gmt":"2025-05-06T16:41:27","slug":"mastering-freelance-success","status":"publish","type":"product","link":"https:\/\/minimumviable.academy\/de\/produkt\/mastering-freelance-success\/","title":{"rendered":"Erfolg als Freiberufler meistern: Unverzichtbare Werkzeuge f\u00fcr die Wertsch\u00f6pfung"},"content":{"rendered":"<p>Erschlie\u00dfen Sie Ihr freiberufliches Potenzial in unserem 90-min\u00fctigen Webinar \"Mastering Freelance Success: Unverzichtbare Werkzeuge zur Wertsch\u00f6pfung\". Entdecken Sie die Geheimnisse der Selbstfindung, der effektiven Arbeitssuche und der Weiterqualifizierung. Erfahren Sie, wie wichtig Verbindungen und Feiern sind, navigieren Sie durch die rechtlichen Grundlagen und erkunden Sie die besten Tools f\u00fcr Kommunikation, Berichterstattung und Bewertungen. Nehmen Sie teil und ver\u00e4ndern Sie Ihren Weg als Freiberufler mit leistungsstarken Einsichten und Strategien!<\/p>","protected":false},"excerpt":{"rendered":"<p>Erschlie\u00dfen Sie Ihr freiberufliches Potenzial in unserem 90-min\u00fctigen Webinar \"Mastering Freelance Success: Unverzichtbare Werkzeuge zur Wertsch\u00f6pfung\". Entdecken Sie die Geheimnisse der Selbstfindung, der effektiven Arbeitssuche und der Weiterqualifizierung. Erfahren Sie, wie wichtig Verbindungen und Feiern sind, navigieren Sie durch die rechtlichen Grundlagen und erkunden Sie die besten Tools f\u00fcr Kommunikation, Berichterstattung und Bewertungen. Nehmen Sie teil und ver\u00e4ndern Sie Ihren Weg als Freiberufler mit leistungsstarken Einsichten und Strategien.<\/p>\n<p>Dieses Webinar wird finanziert durch das <a href=\"https:\/\/minimumviable.academy\/de\/project\/next-steps-project\/\">N\u00e4chste Schritte Projekt<\/a> durch die <a href=\"https:\/\/minimumviable.academy\/de\/\">Internationales Permakultur CoLab<\/a>.<\/p>","protected":false},"featured_media":2884,"comment_status":"open","ping_status":"closed","template":"","meta":{"_acf_changed":false,"_bbp_topic_count":0,"_bbp_reply_count":0,"_bbp_total_topic_count":0,"_bbp_total_reply_count":0,"_bbp_voice_count":0,"_bbp_anonymous_reply_count":0,"_bbp_topic_count_hidden":0,"_bbp_reply_count_hidden":0,"_bbp_forum_subforum_count":0,"_et_pb_use_builder":"","_et_pb_old_content":"","_et_gb_content_width":""},"product_brand":[],"product_cat":[158],"product_tag":[],"class_list":{"0":"post-2886","1":"product","2":"type-product","3":"status-publish","4":"has-post-thumbnail","6":"product_cat-online-session","8":"first","9":"instock","10":"virtual","11":"taxable","12":"purchasable","13":"product-type-simple"},"acf":[],"_links":{"self":[{"href":"https:\/\/minimumviable.academy\/de\/wp-json\/wp\/v2\/product\/2886","targetHints":{"allow":["GET"]}}],"collection":[{"href":"https:\/\/minimumviable.academy\/de\/wp-json\/wp\/v2\/product"}],"about":[{"href":"https:\/\/minimumviable.academy\/de\/wp-json\/wp\/v2\/types\/product"}],"replies":[{"embeddable":true,"href":"https:\/\/minimumviable.academy\/de\/wp-json\/wp\/v2\/comments?post=2886"}],"wp:featuredmedia":[{"embeddable":true,"href":"https:\/\/minimumviable.academy\/de\/wp-json\/wp\/v2\/media\/2884"}],"wp:attachment":[{"href":"https:\/\/minimumviable.academy\/de\/wp-json\/wp\/v2\/media?parent=2886"}],"wp:term":[{"taxonomy":"product_brand","embeddable":true,"href":"https:\/\/minimumviable.academy\/de\/wp-json\/wp\/v2\/product_brand?post=2886"},{"taxonomy":"product_cat","embeddable":true,"href":"https:\/\/minimumviable.academy\/de\/wp-json\/wp\/v2\/product_cat?post=2886"},{"taxonomy":"product_tag","embeddable":true,"href":"https:\/\/minimumviable.academy\/de\/wp-json\/wp\/v2\/product_tag?post=2886"}],"curies":[{"name":"wp","href":"https:\/\/api.w.org\/{rel}","templated":true}]}}